{"id":1828,"date":"2025-11-12T12:19:46","date_gmt":"2025-11-12T12:19:46","guid":{"rendered":"https:\/\/www.restaurantenmarge.com\/?post_type=product&#038;p=1828"},"modified":"2026-02-04T16:43:55","modified_gmt":"2026-02-04T15:43:55","slug":"bon-cadeau-restaurant-en-marge","status":"publish","type":"product","link":"https:\/\/www.restaurantenmarge.com\/en\/gift-vouchers\/bon-cadeau-restaurant-en-marge\/","title":{"rendered":"Gift voucher - Restaurant En Marge"},"content":{"rendered":"<p>Le bon cadeau est valide 6 mois \u00e0 partir de la date d&rsquo;achat\u00a0<strong>et non remboursable<\/strong>.<br \/>\nCette information sera notifi\u00e9e sur le bon cadeau.<\/p>\n<p><a href=\"https:\/\/www.restaurantenmarge.com\/en\/the-restaurant\/menus\/\">Cliquez ici<\/a> pour acc\u00e9der aux diff\u00e9rents menus propos\u00e9s.<\/p>\n<p><strong>L&rsquo;achat de nos s\u00e9jours ne valide pas une r\u00e9servation, merci de nous contacter par t\u00e9l\u00e9phone au\u00a0<a href=\"tel:+33 (0)5 61 53 07 24\">+33 (0)5 61 53 07 24<\/a>\u00a0pour consulter nos disponibilit\u00e9s.<\/strong><\/p>\n<p>D\u00e9couvrez ci-dessous les menus propos\u00e9s par le Chef. Une fois votre choix effectu\u00e9, ajoutez le bon cadeau au panier dans la section suivante.<\/p>","protected":false},"excerpt":{"rendered":"<p>Discover our gift vouchers to take advantage of the different menus offered by our Michelin-starred chefs... or enjoy an overnight stay at the Hotel!<\/p>","protected":false},"featured_media":1845,"comment_status":"open","ping_status":"closed","template":"","meta":{"_acf_changed":false},"product_brand":[],"product_cat":[24],"product_tag":[],"class_list":{"0":"post-1828","1":"product","2":"type-product","3":"status-publish","4":"has-post-thumbnail","6":"product_cat-wps_wgm_giftcard","8":"first","9":"instock","10":"shipping-taxable","11":"purchasable","12":"product-type-wgm_gift_card"},"acf":[],"_links":{"self":[{"href":"https:\/\/www.restaurantenmarge.com\/en\/wp-json\/wp\/v2\/product\/1828","targetHints":{"allow":["GET"]}}],"collection":[{"href":"https:\/\/www.restaurantenmarge.com\/en\/wp-json\/wp\/v2\/product"}],"about":[{"href":"https:\/\/www.restaurantenmarge.com\/en\/wp-json\/wp\/v2\/types\/product"}],"replies":[{"embeddable":true,"href":"https:\/\/www.restaurantenmarge.com\/en\/wp-json\/wp\/v2\/comments?post=1828"}],"version-history":[{"count":5,"href":"https:\/\/www.restaurantenmarge.com\/en\/wp-json\/wp\/v2\/product\/1828\/revisions"}],"predecessor-version":[{"id":3823,"href":"https:\/\/www.restaurantenmarge.com\/en\/wp-json\/wp\/v2\/product\/1828\/revisions\/3823"}],"wp:featuredmedia":[{"embeddable":true,"href":"https:\/\/www.restaurantenmarge.com\/en\/wp-json\/wp\/v2\/media\/1845"}],"wp:attachment":[{"href":"https:\/\/www.restaurantenmarge.com\/en\/wp-json\/wp\/v2\/media?parent=1828"}],"wp:term":[{"taxonomy":"product_brand","embeddable":true,"href":"https:\/\/www.restaurantenmarge.com\/en\/wp-json\/wp\/v2\/product_brand?post=1828"},{"taxonomy":"product_cat","embeddable":true,"href":"https:\/\/www.restaurantenmarge.com\/en\/wp-json\/wp\/v2\/product_cat?post=1828"},{"taxonomy":"product_tag","embeddable":true,"href":"https:\/\/www.restaurantenmarge.com\/en\/wp-json\/wp\/v2\/product_tag?post=1828"}],"curies":[{"name":"wp","href":"https:\/\/api.w.org\/{rel}","templated":true}]}}