{"id":690,"date":"2025-10-10T03:43:22","date_gmt":"2025-10-10T03:43:22","guid":{"rendered":"https:\/\/restaurant.dheerajbhosale.in\/wp\/my-account\/"},"modified":"2025-11-27T09:29:27","modified_gmt":"2025-11-27T09:29:27","slug":"mon-compte","status":"publish","type":"page","link":"https:\/\/www.restaurantenmarge.com\/en\/mon-compte\/","title":{"rendered":"Mon compte"},"content":{"rendered":"<div data-elementor-type=\"wp-page\" data-elementor-id=\"690\" class=\"elementor elementor-690\" data-elementor-post-type=\"page\">\n\t\t\t\t<div class=\"elementor-element elementor-element-46c8bf06 e-flex e-con-boxed e-con e-parent\" data-id=\"46c8bf06\" data-element_type=\"container\" data-settings=\"{&quot;background_background&quot;:&quot;classic&quot;}\">\n\t\t\t\t\t<div class=\"e-con-inner\">\n\t\t\t\t<div class=\"elementor-element elementor-element-8be94e2 elementor-widget__width-initial elementor-widget elementor-widget-heading\" data-id=\"8be94e2\" data-element_type=\"widget\" data-widget_type=\"heading.default\">\n\t\t\t\t\t<div class=\"elementor-heading-title elementor-size-default\">Mon compte<\/div>\t\t\t\t<\/div>\n\t\t\t\t\t<\/div>\n\t\t\t\t<\/div>\n\t\t<div class=\"elementor-element elementor-element-580d656 e-flex e-con-boxed e-con e-parent\" data-id=\"580d656\" data-element_type=\"container\" data-settings=\"{&quot;background_background&quot;:&quot;classic&quot;}\">\n\t\t\t\t\t<div class=\"e-con-inner\">\n\t\t\t\t<div class=\"elementor-element elementor-element-c8376d8 e-my-account-tabs-vertical elementor-widget elementor-widget-woocommerce-my-account\" data-id=\"c8376d8\" data-element_type=\"widget\" data-widget_type=\"woocommerce-my-account.default\">\n\t\t\t\t\t<div class=\"e-my-account-tab e-my-account-tab__\">\t\t\t<div class=\"woocommerce\"><\/div>\t\t<\/div>\n\t\t\t\t\t\t<\/div>\n\t\t\t\t\t<\/div>\n\t\t\t\t<\/div>\n\t\t\t\t<\/div>","protected":false},"excerpt":{"rendered":"<p>Mon compte Tableau de bord Commandes T\u00e9l\u00e9chargements Adresses Moyens de paiement D\u00e9tails du compte D\u00e9connexion Bonjour admin (vous n\u2019\u00eates pas admin\u00a0? D\u00e9connexion) \u00c0 partir du tableau de bord de votre compte, vous pouvez visualiser vos commandes r\u00e9centes, g\u00e9rer vos adresses de livraison et de facturation ainsi que changer votre mot de passe et les d\u00e9tails [&hellip;]<\/p>","protected":false},"author":1,"featured_media":0,"parent":0,"menu_order":0,"comment_status":"closed","ping_status":"closed","template":"","meta":{"_acf_changed":false,"footnotes":""},"class_list":["post-690","page","type-page","status-publish","hentry"],"acf":[],"_links":{"self":[{"href":"https:\/\/www.restaurantenmarge.com\/en\/wp-json\/wp\/v2\/pages\/690","targetHints":{"allow":["GET"]}}],"collection":[{"href":"https:\/\/www.restaurantenmarge.com\/en\/wp-json\/wp\/v2\/pages"}],"about":[{"href":"https:\/\/www.restaurantenmarge.com\/en\/wp-json\/wp\/v2\/types\/page"}],"author":[{"embeddable":true,"href":"https:\/\/www.restaurantenmarge.com\/en\/wp-json\/wp\/v2\/users\/1"}],"replies":[{"embeddable":true,"href":"https:\/\/www.restaurantenmarge.com\/en\/wp-json\/wp\/v2\/comments?post=690"}],"version-history":[{"count":5,"href":"https:\/\/www.restaurantenmarge.com\/en\/wp-json\/wp\/v2\/pages\/690\/revisions"}],"predecessor-version":[{"id":2518,"href":"https:\/\/www.restaurantenmarge.com\/en\/wp-json\/wp\/v2\/pages\/690\/revisions\/2518"}],"wp:attachment":[{"href":"https:\/\/www.restaurantenmarge.com\/en\/wp-json\/wp\/v2\/media?parent=690"}],"curies":[{"name":"wp","href":"https:\/\/api.w.org\/{rel}","templated":true}]}}