{"id":688,"date":"2025-10-10T03:43:22","date_gmt":"2025-10-10T03:43:22","guid":{"rendered":"https:\/\/restaurant.dheerajbhosale.in\/wp\/cart\/"},"modified":"2025-12-16T08:09:03","modified_gmt":"2025-12-16T08:09:03","slug":"panier","status":"publish","type":"page","link":"https:\/\/www.restaurantenmarge.com\/en\/panier\/","title":{"rendered":"Panier"},"content":{"rendered":"<div data-elementor-type=\"wp-page\" data-elementor-id=\"688\" class=\"elementor elementor-688\" data-elementor-post-type=\"page\">\n\t\t\t\t<div class=\"elementor-element elementor-element-419340e1 e-flex e-con-boxed e-con e-parent\" data-id=\"419340e1\" data-element_type=\"container\" data-settings=\"{&quot;background_background&quot;:&quot;classic&quot;}\">\n\t\t\t\t\t<div class=\"e-con-inner\">\n\t\t\t\t<div class=\"elementor-element elementor-element-7ea0402a elementor-widget__width-initial elementor-widget elementor-widget-heading\" data-id=\"7ea0402a\" data-element_type=\"widget\" data-widget_type=\"heading.default\">\n\t\t\t\t\t<div class=\"elementor-heading-title elementor-size-default\">Panier<\/div>\t\t\t\t<\/div>\n\t\t\t\t\t<\/div>\n\t\t\t\t<\/div>\n\t\t<div class=\"elementor-element elementor-element-c75a725 e-flex e-con-boxed e-con e-parent\" data-id=\"c75a725\" data-element_type=\"container\" data-settings=\"{&quot;background_background&quot;:&quot;classic&quot;}\">\n\t\t\t\t\t<div class=\"e-con-inner\">\n\t\t\t\t\t<\/div>\n\t\t\t\t<\/div>\n\t\t\t\t<\/div>","protected":false},"excerpt":{"rendered":"<p>Panier Supprimer l\u2019\u00e9l\u00e9ment Miniature Produit Prix Quantit\u00e9 Sous-total &times; Cours de cuisine avec le Chef \u00c0: g.escande@quatrys.fr De :: Guillaume Message de la carte cadeau: TES Adresse email du destinataire :: Courrier au destinataire 450,00&euro; quantit\u00e9 de Cours de cuisine avec le Chef 450,00&euro; Total Sous-total 450,00&euro; Total 450,00&euro; Passer \u00e0 la commande<\/p>","protected":false},"author":1,"featured_media":0,"parent":0,"menu_order":0,"comment_status":"closed","ping_status":"closed","template":"","meta":{"_acf_changed":false,"footnotes":""},"class_list":["post-688","page","type-page","status-publish","hentry"],"acf":[],"_links":{"self":[{"href":"https:\/\/www.restaurantenmarge.com\/en\/wp-json\/wp\/v2\/pages\/688","targetHints":{"allow":["GET"]}}],"collection":[{"href":"https:\/\/www.restaurantenmarge.com\/en\/wp-json\/wp\/v2\/pages"}],"about":[{"href":"https:\/\/www.restaurantenmarge.com\/en\/wp-json\/wp\/v2\/types\/page"}],"author":[{"embeddable":true,"href":"https:\/\/www.restaurantenmarge.com\/en\/wp-json\/wp\/v2\/users\/1"}],"replies":[{"embeddable":true,"href":"https:\/\/www.restaurantenmarge.com\/en\/wp-json\/wp\/v2\/comments?post=688"}],"version-history":[{"count":30,"href":"https:\/\/www.restaurantenmarge.com\/en\/wp-json\/wp\/v2\/pages\/688\/revisions"}],"predecessor-version":[{"id":3333,"href":"https:\/\/www.restaurantenmarge.com\/en\/wp-json\/wp\/v2\/pages\/688\/revisions\/3333"}],"wp:attachment":[{"href":"https:\/\/www.restaurantenmarge.com\/en\/wp-json\/wp\/v2\/media?parent=688"}],"curies":[{"name":"wp","href":"https:\/\/api.w.org\/{rel}","templated":true}]}}