{"id":31,"date":"2025-10-06T04:39:25","date_gmt":"2025-10-06T04:39:25","guid":{"rendered":"https:\/\/restaurant.dheerajbhosale.in\/wp\/?page_id=31"},"modified":"2026-01-12T11:34:31","modified_gmt":"2026-01-12T10:34:31","slug":"recrutement","status":"publish","type":"page","link":"https:\/\/www.restaurantenmarge.com\/en\/recrutement\/","title":{"rendered":"Recruitment"},"content":{"rendered":"<div data-elementor-type=\"wp-page\" data-elementor-id=\"31\" class=\"elementor elementor-31\" data-elementor-post-type=\"page\">\n\t\t\t\t<div class=\"elementor-element elementor-element-5b929a26 e-flex e-con-boxed e-con e-parent\" data-id=\"5b929a26\" data-element_type=\"container\" data-settings=\"{&quot;background_background&quot;:&quot;classic&quot;}\">\n\t\t\t\t\t<div class=\"e-con-inner\">\n\t\t\t\t<div class=\"elementor-element elementor-element-753654a2 elementor-widget__width-initial elementor-widget elementor-widget-heading\" data-id=\"753654a2\" data-element_type=\"widget\" data-widget_type=\"heading.default\">\n\t\t\t\t\t<h1 class=\"elementor-heading-title elementor-size-default\">Recruitment<\/h1>\t\t\t\t<\/div>\n\t\t\t\t\t<\/div>\n\t\t\t\t<\/div>\n\t\t<div class=\"elementor-element elementor-element-9b8264a e-flex e-con-boxed e-con e-parent\" data-id=\"9b8264a\" data-element_type=\"container\">\n\t\t\t\t\t<div class=\"e-con-inner\">\n\t\t\t\t<div class=\"elementor-element elementor-element-55024e4 elementor-widget__width-inherit elementor-widget elementor-widget-heading\" data-id=\"55024e4\" data-element_type=\"widget\" data-widget_type=\"heading.default\">\n\t\t\t\t\t<h2 class=\"elementor-heading-title elementor-size-default\">Rejoignez l\u2019univers d\u2019En Marge<\/h2>\t\t\t\t<\/div>\n\t\t\t\t<div class=\"elementor-element elementor-element-33f6920 elementor-widget-divider--view-line elementor-widget elementor-widget-divider\" data-id=\"33f6920\" data-element_type=\"widget\" data-widget_type=\"divider.default\">\n\t\t\t\t\t\t\t<div class=\"elementor-divider\">\n\t\t\t<span class=\"elementor-divider-separator\">\n\t\t\t\t\t\t<\/span>\n\t\t<\/div>\n\t\t\t\t\t\t<\/div>\n\t\t\t\t<div class=\"elementor-element elementor-element-32cd23f elementor-widget elementor-widget-text-editor\" data-id=\"32cd23f\" data-element_type=\"widget\" data-widget_type=\"text-editor.default\">\n\t\t\t\t\t\t\t\t\t<p>Chez En Marge, la passion culinaire se vit au quotidien. Dans un cadre d\u2019exception, \u00e0 15 minutes de Toulouse, notre restaurant gastronomique et notre h\u00f4tel 4\u2605 forment un lieu o\u00f9 se m\u00ealent excellence, cr\u00e9ativit\u00e9, et hospitalit\u00e9.<\/p><p>Nous croyons que la richesse d\u2019une maison repose avant tout sur ses talents. C\u2019est pourquoi nous sommes toujours \u00e0 la recherche de personnalit\u00e9s engag\u00e9es, curieuses et enthousiastes, d\u00e9sireuses de grandir au sein d\u2019une \u00e9quipe bienveillante et exigeante.<\/p>\t\t\t\t\t\t\t\t<\/div>\n\t\t\t\t\t<\/div>\n\t\t\t\t<\/div>\n\t\t<div class=\"elementor-element elementor-element-c3d8e98 e-flex e-con-boxed e-con e-parent\" data-id=\"c3d8e98\" data-element_type=\"container\" data-settings=\"{&quot;background_background&quot;:&quot;classic&quot;}\">\n\t\t\t\t\t<div class=\"e-con-inner\">\n\t\t\t\t<div class=\"elementor-element elementor-element-1fe5251 elementor-widget__width-inherit elementor-widget elementor-widget-heading\" data-id=\"1fe5251\" data-element_type=\"widget\" data-widget_type=\"heading.default\">\n\t\t\t\t\t<h2 class=\"elementor-heading-title elementor-size-default\">Pourquoi nous rejoindre ?<\/h2>\t\t\t\t<\/div>\n\t\t\t\t<div class=\"elementor-element elementor-element-f41d26e elementor-widget-divider--view-line elementor-widget elementor-widget-divider\" data-id=\"f41d26e\" data-element_type=\"widget\" data-widget_type=\"divider.default\">\n\t\t\t\t\t\t\t<div class=\"elementor-divider\">\n\t\t\t<span class=\"elementor-divider-separator\">\n\t\t\t\t\t\t<\/span>\n\t\t<\/div>\n\t\t\t\t\t\t<\/div>\n\t\t<div class=\"elementor-element elementor-element-fbe69bf e-con-full e-grid e-con e-child\" data-id=\"fbe69bf\" data-element_type=\"container\">\n\t\t\t\t<div class=\"elementor-element elementor-element-f16f31b elementor-position-top elementor-widget elementor-widget-image-box\" data-id=\"f16f31b\" data-element_type=\"widget\" data-widget_type=\"image-box.default\">\n\t\t\t\t\t<div class=\"elementor-image-box-wrapper\"><figure class=\"elementor-image-box-img\"><img fetchpriority=\"high\" decoding=\"async\" width=\"500\" height=\"500\" src=\"https:\/\/www.restaurantenmarge.com\/wp-content\/uploads\/2025\/10\/cute-vector-illustration-house-toddlers-books_925324-10886-removebg-preview.png\" class=\"attachment-full size-full wp-image-1267\" alt=\"\" srcset=\"https:\/\/www.restaurantenmarge.com\/wp-content\/uploads\/2025\/10\/cute-vector-illustration-house-toddlers-books_925324-10886-removebg-preview.png 500w, https:\/\/www.restaurantenmarge.com\/wp-content\/uploads\/2025\/10\/cute-vector-illustration-house-toddlers-books_925324-10886-removebg-preview-300x300.png 300w, https:\/\/www.restaurantenmarge.com\/wp-content\/uploads\/2025\/10\/cute-vector-illustration-house-toddlers-books_925324-10886-removebg-preview-150x150.png 150w, https:\/\/www.restaurantenmarge.com\/wp-content\/uploads\/2025\/10\/cute-vector-illustration-house-toddlers-books_925324-10886-removebg-preview-100x100.png 100w\" sizes=\"(max-width: 500px) 100vw, 500px\" \/><\/figure><div class=\"elementor-image-box-content\"><h3 class=\"elementor-image-box-title\">Un cadre \u00e9l\u00e9gant et accueillant<\/h3><p class=\"elementor-image-box-description\">Un environnement de travail raffin\u00e9 et chaleureux<\/p><\/div><\/div>\t\t\t\t<\/div>\n\t\t\t\t<div class=\"elementor-element elementor-element-eeed953 elementor-position-top elementor-widget elementor-widget-image-box\" data-id=\"eeed953\" data-element_type=\"widget\" data-widget_type=\"image-box.default\">\n\t\t\t\t\t<div class=\"elementor-image-box-wrapper\"><figure class=\"elementor-image-box-img\"><img decoding=\"async\" width=\"500\" height=\"500\" src=\"https:\/\/www.restaurantenmarge.com\/wp-content\/uploads\/2025\/10\/flat-style-background-business-handshake_1104738-187-removebg-preview.png\" class=\"attachment-full size-full wp-image-1265\" alt=\"\" srcset=\"https:\/\/www.restaurantenmarge.com\/wp-content\/uploads\/2025\/10\/flat-style-background-business-handshake_1104738-187-removebg-preview.png 500w, https:\/\/www.restaurantenmarge.com\/wp-content\/uploads\/2025\/10\/flat-style-background-business-handshake_1104738-187-removebg-preview-300x300.png 300w, https:\/\/www.restaurantenmarge.com\/wp-content\/uploads\/2025\/10\/flat-style-background-business-handshake_1104738-187-removebg-preview-150x150.png 150w, https:\/\/www.restaurantenmarge.com\/wp-content\/uploads\/2025\/10\/flat-style-background-business-handshake_1104738-187-removebg-preview-100x100.png 100w\" sizes=\"(max-width: 500px) 100vw, 500px\" \/><\/figure><div class=\"elementor-image-box-content\"><h3 class=\"elementor-image-box-title\">Une \u00e9quipe passionn\u00e9e et solidaire<\/h3><p class=\"elementor-image-box-description\">Une \u00e9quipe soud\u00e9e, form\u00e9e et passionn\u00e9e<\/p><\/div><\/div>\t\t\t\t<\/div>\n\t\t\t\t<div class=\"elementor-element elementor-element-f8ab1f2 elementor-position-top elementor-widget elementor-widget-image-box\" data-id=\"f8ab1f2\" data-element_type=\"widget\" data-widget_type=\"image-box.default\">\n\t\t\t\t\t<div class=\"elementor-image-box-wrapper\"><figure class=\"elementor-image-box-img\"><img decoding=\"async\" width=\"500\" height=\"500\" src=\"https:\/\/www.restaurantenmarge.com\/wp-content\/uploads\/2025\/10\/white-chef-hat-isolated_1284-42350-removebg-preview.png\" class=\"attachment-full size-full wp-image-1264\" alt=\"\" srcset=\"https:\/\/www.restaurantenmarge.com\/wp-content\/uploads\/2025\/10\/white-chef-hat-isolated_1284-42350-removebg-preview.png 500w, https:\/\/www.restaurantenmarge.com\/wp-content\/uploads\/2025\/10\/white-chef-hat-isolated_1284-42350-removebg-preview-300x300.png 300w, https:\/\/www.restaurantenmarge.com\/wp-content\/uploads\/2025\/10\/white-chef-hat-isolated_1284-42350-removebg-preview-150x150.png 150w, https:\/\/www.restaurantenmarge.com\/wp-content\/uploads\/2025\/10\/white-chef-hat-isolated_1284-42350-removebg-preview-100x100.png 100w\" sizes=\"(max-width: 500px) 100vw, 500px\" \/><\/figure><div class=\"elementor-image-box-content\"><h3 class=\"elementor-image-box-title\">Une cuisine d\u2019excellence<\/h3><p class=\"elementor-image-box-description\">Une cuisine gastronomique reconnue, ax\u00e9e sur la saisonnalit\u00e9 et les produits locaux<\/p><\/div><\/div>\t\t\t\t<\/div>\n\t\t\t\t<div class=\"elementor-element elementor-element-57b3ad0 elementor-position-top elementor-widget elementor-widget-image-box\" data-id=\"57b3ad0\" data-element_type=\"widget\" data-widget_type=\"image-box.default\">\n\t\t\t\t\t<div class=\"elementor-image-box-wrapper\"><figure class=\"elementor-image-box-img\"><img loading=\"lazy\" decoding=\"async\" width=\"512\" height=\"487\" src=\"https:\/\/www.restaurantenmarge.com\/wp-content\/uploads\/2025\/10\/isolated-tree-white-background_1308-26130-removebg-preview.png\" class=\"attachment-full size-full wp-image-1266\" alt=\"\" srcset=\"https:\/\/www.restaurantenmarge.com\/wp-content\/uploads\/2025\/10\/isolated-tree-white-background_1308-26130-removebg-preview.png 512w, https:\/\/www.restaurantenmarge.com\/wp-content\/uploads\/2025\/10\/isolated-tree-white-background_1308-26130-removebg-preview-300x285.png 300w\" sizes=\"(max-width: 512px) 100vw, 512px\" \/><\/figure><div class=\"elementor-image-box-content\"><h3 class=\"elementor-image-box-title\">Un lieu unique, au c\u0153ur de la nature<\/h3><p class=\"elementor-image-box-description\">L\u2019opportunit\u00e9 de contribuer \u00e0 une maison d\u2019exception en pleine nature<\/p><\/div><\/div>\t\t\t\t<\/div>\n\t\t\t\t<\/div>\n\t\t\t\t\t<\/div>\n\t\t\t\t<\/div>\n\t\t<div class=\"elementor-element elementor-element-3f639ff e-flex e-con-boxed e-con e-parent\" data-id=\"3f639ff\" data-element_type=\"container\">\n\t\t\t\t\t<div class=\"e-con-inner\">\n\t\t<div class=\"elementor-element elementor-element-f05db35 e-con-full e-flex e-con e-child\" data-id=\"f05db35\" data-element_type=\"container\">\n\t\t\t\t<div class=\"elementor-element elementor-element-aeefb84 elementor-widget elementor-widget-heading\" data-id=\"aeefb84\" data-element_type=\"widget\" data-widget_type=\"heading.default\">\n\t\t\t\t\t<h2 class=\"elementor-heading-title elementor-size-default\">Candidature Spontan\u00e9e<\/h2>\t\t\t\t<\/div>\n\t\t\t\t<div class=\"elementor-element elementor-element-6d712df elementor-widget-divider--view-line elementor-widget elementor-widget-divider\" data-id=\"6d712df\" data-element_type=\"widget\" data-widget_type=\"divider.default\">\n\t\t\t\t\t\t\t<div class=\"elementor-divider\">\n\t\t\t<span class=\"elementor-divider-separator\">\n\t\t\t\t\t\t<\/span>\n\t\t<\/div>\n\t\t\t\t\t\t<\/div>\n\t\t\t\t<div class=\"elementor-element elementor-element-4d28c96 elementor-widget elementor-widget-text-editor\" data-id=\"4d28c96\" data-element_type=\"widget\" data-widget_type=\"text-editor.default\">\n\t\t\t\t\t\t\t\t\t<p><strong><span style=\"color: #000000;\">Vous souhaitez rejoindre l\u2019aventure En Marge ?<\/span><\/strong><\/p><p>Faites-nous part de votre motivation, m\u00eame en dehors des offres d\u2019emploi publi\u00e9es.<\/p><p>Nous \u00e9tudions chaque candidature avec attention. N\u2019h\u00e9sitez pas \u00e0 nous transmettre votre CV et votre lettre de motivation : que vous soyez en salle, en cuisine, en r\u00e9ception ou en gestion, votre profil nous int\u00e9resse peut-\u00eatre d\u00e9j\u00e0.<\/p>\t\t\t\t\t\t\t\t<\/div>\n\t\t\t\t<\/div>\n\t\t<div class=\"elementor-element elementor-element-6023cd5 e-con-full e-flex e-con e-child\" data-id=\"6023cd5\" data-element_type=\"container\">\n\t\t\t\t<div class=\"elementor-element elementor-element-ba376f8 elementor-widget elementor-widget-heading\" data-id=\"ba376f8\" data-element_type=\"widget\" data-widget_type=\"heading.default\">\n\t\t\t\t\t<h3 class=\"elementor-heading-title elementor-size-default\">Formulaire de candidature<\/h3>\t\t\t\t<\/div>\n\t\t\t\t<div class=\"elementor-element elementor-element-bf8898c elementor-button-align-center elementor-widget__width-initial elementor-widget elementor-widget-form\" data-id=\"bf8898c\" data-element_type=\"widget\" data-settings=\"{&quot;step_next_label&quot;:&quot;Suivant&quot;,&quot;step_previous_label&quot;:&quot;Pr\\u00e9c\\u00e9dent&quot;,&quot;button_width&quot;:&quot;100&quot;,&quot;step_type&quot;:&quot;number_text&quot;,&quot;step_icon_shape&quot;:&quot;circle&quot;}\" data-widget_type=\"form.default\">\n\t\t\t\t\t\t\t<form class=\"elementor-form\" method=\"post\" name=\"Careers form\" aria-label=\"Careers form\" action=\"\">\n\t\t\t<input type=\"hidden\" name=\"post_id\" value=\"31\"\/>\n\t\t\t<input type=\"hidden\" name=\"form_id\" value=\"bf8898c\"\/>\n\t\t\t<input type=\"hidden\" name=\"referer_title\" value=\"Recrutement\" \/>\n\n\t\t\t\t\t\t\t<input type=\"hidden\" name=\"queried_id\" value=\"31\"\/>\n\t\t\t\n\t\t\t<div class=\"elementor-form-fields-wrapper elementor-labels-above\">\n\t\t\t\t\t\t\t\t<div class=\"elementor-field-type-text elementor-field-group elementor-column elementor-field-group-email elementor-col-100 elementor-field-required elementor-mark-required\">\n\t\t\t\t\t\t\t\t\t\t\t\t<label for=\"form-field-email\" class=\"elementor-field-label\">\n\t\t\t\t\t\t\t\tNom\t\t\t\t\t\t\t<\/label>\n\t\t\t\t\t\t\t\t\t\t\t\t\t\t<input size=\"1\" type=\"text\" name=\"form_fields[email]\" id=\"form-field-email\" class=\"elementor-field elementor-size-sm  elementor-field-textual\" required=\"required\">\n\t\t\t\t\t\t\t\t\t\t\t<\/div>\n\t\t\t\t\t\t\t\t<div class=\"elementor-field-type-text elementor-field-group elementor-column elementor-field-group-field_506b546 elementor-col-100 elementor-field-required elementor-mark-required\">\n\t\t\t\t\t\t\t\t\t\t\t\t<label for=\"form-field-field_506b546\" class=\"elementor-field-label\">\n\t\t\t\t\t\t\t\tFirst name\t\t\t\t\t\t\t<\/label>\n\t\t\t\t\t\t\t\t\t\t\t\t\t\t<input size=\"1\" type=\"text\" name=\"form_fields[field_506b546]\" id=\"form-field-field_506b546\" class=\"elementor-field elementor-size-sm  elementor-field-textual\" required=\"required\">\n\t\t\t\t\t\t\t\t\t\t\t<\/div>\n\t\t\t\t\t\t\t\t<div class=\"elementor-field-type-email elementor-field-group elementor-column elementor-field-group-message elementor-col-100 elementor-field-required elementor-mark-required\">\n\t\t\t\t\t\t\t\t\t\t\t\t<label for=\"form-field-message\" class=\"elementor-field-label\">\n\t\t\t\t\t\t\t\tE-mail\t\t\t\t\t\t\t<\/label>\n\t\t\t\t\t\t\t\t\t\t\t\t\t\t<input size=\"1\" type=\"email\" name=\"form_fields[message]\" id=\"form-field-message\" class=\"elementor-field elementor-size-sm  elementor-field-textual\" required=\"required\">\n\t\t\t\t\t\t\t\t\t\t\t<\/div>\n\t\t\t\t\t\t\t\t<div class=\"elementor-field-type-tel elementor-field-group elementor-column elementor-field-group-field_a640581 elementor-col-100 elementor-field-required elementor-mark-required\">\n\t\t\t\t\t\t\t\t\t\t\t\t<label for=\"form-field-field_a640581\" class=\"elementor-field-label\">\n\t\t\t\t\t\t\t\tPhone\t\t\t\t\t\t\t<\/label>\n\t\t\t\t\t\t\t\t<input size=\"1\" type=\"tel\" name=\"form_fields[field_a640581]\" id=\"form-field-field_a640581\" class=\"elementor-field elementor-size-sm  elementor-field-textual\" required=\"required\" pattern=\"[0-9()#&amp;+*-=.]+\" title=\"Only telephone number characters (#, -, *, etc.) are accepted.\">\n\n\t\t\t\t\t\t<\/div>\n\t\t\t\t\t\t\t\t<div class=\"elementor-field-type-text elementor-field-group elementor-column elementor-field-group-field_b7c8911 elementor-col-100\">\n\t\t\t\t\t\t\t\t\t\t\t\t<label for=\"form-field-field_b7c8911\" class=\"elementor-field-label\">\n\t\t\t\t\t\t\t\tPoste recherch\u00e9 \/ Domaine de comp\u00e9tence\t\t\t\t\t\t\t<\/label>\n\t\t\t\t\t\t\t\t\t\t\t\t\t\t<input size=\"1\" type=\"text\" name=\"form_fields[field_b7c8911]\" id=\"form-field-field_b7c8911\" class=\"elementor-field elementor-size-sm  elementor-field-textual\">\n\t\t\t\t\t\t\t\t\t\t\t<\/div>\n\t\t\t\t\t\t\t\t<div class=\"elementor-field-type-textarea elementor-field-group elementor-column elementor-field-group-field_9cfb652 elementor-col-100\">\n\t\t\t\t\t\t\t\t\t\t\t\t<label for=\"form-field-field_9cfb652\" class=\"elementor-field-label\">\n\t\t\t\t\t\t\t\tMessage (optionnel)\t\t\t\t\t\t\t<\/label>\n\t\t\t\t\t\t<textarea class=\"elementor-field-textual elementor-field  elementor-size-sm\" name=\"form_fields[field_9cfb652]\" id=\"form-field-field_9cfb652\" rows=\"4\"><\/textarea>\t\t\t\t<\/div>\n\t\t\t\t\t\t\t\t<div class=\"elementor-field-type-upload elementor-field-group elementor-column elementor-field-group-field_e3cc9fa elementor-col-100 elementor-field-required elementor-mark-required\">\n\t\t\t\t\t\t\t\t\t\t\t\t<label for=\"form-field-field_e3cc9fa\" class=\"elementor-field-label\">\n\t\t\t\t\t\t\t\tT\u00e9l\u00e9charger un CV\t\t\t\t\t\t\t<\/label>\n\t\t\t\t\t\t\t\t<input type=\"file\" name=\"form_fields[field_e3cc9fa]\" id=\"form-field-field_e3cc9fa\" class=\"elementor-field elementor-size-sm  elementor-upload-field\" required=\"required\" data-maxsize=\"10\" data-maxsize-message=\"Ce fichier d\u00e9passe la taille maximale autoris\u00e9e.\">\n\n\t\t\t\t\t\t<\/div>\n\t\t\t\t\t\t\t\t<div class=\"elementor-field-group elementor-column elementor-field-type-submit elementor-col-100 e-form__buttons\">\n\t\t\t\t\t<button class=\"elementor-button elementor-size-sm\" type=\"submit\">\n\t\t\t\t\t\t<span class=\"elementor-button-content-wrapper\">\n\t\t\t\t\t\t\t\t\t\t\t\t\t\t\t\t\t\t\t\t\t\t<span class=\"elementor-button-text\">Soumettre ma candidature<\/span>\n\t\t\t\t\t\t\t\t\t\t\t\t\t<\/span>\n\t\t\t\t\t<\/button>\n\t\t\t\t<\/div>\n\t\t\t<\/div>\n\t\t<input type=\"hidden\" name=\"trp-form-language\" value=\"en\"\/><\/form>\n\t\t\t\t\t\t<\/div>\n\t\t\t\t<\/div>\n\t\t\t\t\t<\/div>\n\t\t\t\t<\/div>\n\t\t\t\t<\/div>","protected":false},"excerpt":{"rendered":"<p>Recrutement Rejoignez l\u2019univers d\u2019En Marge Chez En Marge, la passion culinaire se vit au quotidien. Dans un cadre d\u2019exception, \u00e0 15 minutes de Toulouse, notre restaurant gastronomique et notre h\u00f4tel 4\u2605 forment un lieu o\u00f9 se m\u00ealent excellence, cr\u00e9ativit\u00e9, et hospitalit\u00e9. Nous croyons que la richesse d\u2019une maison repose avant tout sur ses talents. C\u2019est [&hellip;]<\/p>","protected":false},"author":1,"featured_media":0,"parent":0,"menu_order":0,"comment_status":"closed","ping_status":"closed","template":"","meta":{"_acf_changed":false,"footnotes":""},"class_list":["post-31","page","type-page","status-publish","hentry"],"acf":[],"_links":{"self":[{"href":"https:\/\/www.restaurantenmarge.com\/en\/wp-json\/wp\/v2\/pages\/31","targetHints":{"allow":["GET"]}}],"collection":[{"href":"https:\/\/www.restaurantenmarge.com\/en\/wp-json\/wp\/v2\/pages"}],"about":[{"href":"https:\/\/www.restaurantenmarge.com\/en\/wp-json\/wp\/v2\/types\/page"}],"author":[{"embeddable":true,"href":"https:\/\/www.restaurantenmarge.com\/en\/wp-json\/wp\/v2\/users\/1"}],"replies":[{"embeddable":true,"href":"https:\/\/www.restaurantenmarge.com\/en\/wp-json\/wp\/v2\/comments?post=31"}],"version-history":[{"count":46,"href":"https:\/\/www.restaurantenmarge.com\/en\/wp-json\/wp\/v2\/pages\/31\/revisions"}],"predecessor-version":[{"id":3431,"href":"https:\/\/www.restaurantenmarge.com\/en\/wp-json\/wp\/v2\/pages\/31\/revisions\/3431"}],"wp:attachment":[{"href":"https:\/\/www.restaurantenmarge.com\/en\/wp-json\/wp\/v2\/media?parent=31"}],"curies":[{"name":"wp","href":"https:\/\/api.w.org\/{rel}","templated":true}]}}