{"id":3039,"date":"2025-12-08T13:56:34","date_gmt":"2025-12-08T13:56:34","guid":{"rendered":"https:\/\/www.restaurantenmarge.com\/?page_id=3039"},"modified":"2025-12-08T14:02:41","modified_gmt":"2025-12-08T14:02:41","slug":"plan-de-site","status":"publish","type":"page","link":"https:\/\/www.restaurantenmarge.com\/en\/plan-de-site\/","title":{"rendered":"Plan de site"},"content":{"rendered":"<div data-elementor-type=\"wp-page\" data-elementor-id=\"3039\" class=\"elementor elementor-3039\" data-elementor-post-type=\"page\">\n\t\t\t\t<div class=\"elementor-element elementor-element-248f0ecb e-flex e-con-boxed e-con e-parent\" data-id=\"248f0ecb\" data-element_type=\"container\" data-settings=\"{&quot;background_background&quot;:&quot;classic&quot;}\">\n\t\t\t\t\t<div class=\"e-con-inner\">\n\t\t\t\t<div class=\"elementor-element elementor-element-392980dc elementor-widget__width-initial elementor-widget elementor-widget-heading\" data-id=\"392980dc\" data-element_type=\"widget\" data-widget_type=\"heading.default\">\n\t\t\t\t\t<h1 class=\"elementor-heading-title elementor-size-default\">Plan de site<\/h1>\t\t\t\t<\/div>\n\t\t\t\t\t<\/div>\n\t\t\t\t<\/div>\n\t\t<div class=\"elementor-element elementor-element-cb6d2c3 e-flex e-con-boxed e-con e-parent\" data-id=\"cb6d2c3\" data-element_type=\"container\" data-settings=\"{&quot;background_background&quot;:&quot;classic&quot;}\">\n\t\t\t\t\t<div class=\"e-con-inner\">\n\t\t\t\t<div class=\"elementor-element elementor-element-a85a431 elementor-widget elementor-widget-text-editor\" data-id=\"a85a431\" data-element_type=\"widget\" data-widget_type=\"text-editor.default\">\n\t\t\t\t\t\t\t\t\t<p><a href=\"https:\/\/www.restaurantenmarge.com\/en\/\">Accueil<\/a><\/p><p><a href=\"https:\/\/www.restaurantenmarge.com\/en\/contact\/\">Contact us<\/a><\/p><p><a href=\"https:\/\/www.restaurantenmarge.com\/en\/hotel\/rooms\/\">The rooms<\/a><\/p><p><a href=\"https:\/\/www.restaurantenmarge.com\/en\/hotel\/our-services\/\">Our services<\/a><\/p><p><a href=\"https:\/\/www.restaurantenmarge.com\/en\/gallery\/\">The Gallery<\/a><\/p><p><a href=\"https:\/\/www.restaurantenmarge.com\/en\/the-restaurant\/takeaway\/\">Takeaway<\/a><\/p><p><a href=\"https:\/\/www.restaurantenmarge.com\/en\/the-restaurant\/a-la-carte\/\">\u00c0 la Carte<\/a><\/p><p><a href=\"https:\/\/www.restaurantenmarge.com\/en\/the-restaurant\/chefs-kitchen\/\">The chef's kitchen<\/a><\/p><p><a href=\"https:\/\/www.restaurantenmarge.com\/en\/the-restaurant\/menus\/\">Menus<\/a><\/p><p><a href=\"https:\/\/www.restaurantenmarge.com\/en\/actualites\/\">The news<\/a><\/p><p><a href=\"https:\/\/www.restaurantenmarge.com\/en\/les-evenements\/\">The events<\/a><\/p><p><a href=\"https:\/\/www.restaurantenmarge.com\/en\/mentions-legales\/\">Terms of use<\/a><\/p><p><a href=\"https:\/\/www.restaurantenmarge.com\/en\/gift-vouchers\/\">Our gift vouchers<\/a><\/p><p><a href=\"https:\/\/www.restaurantenmarge.com\/en\/partenaires\/\">Partners<\/a><\/p><p><a href=\"https:\/\/www.restaurantenmarge.com\/en\/recrutement\/\">Recruitment<\/a><\/p><p><a href=\"https:\/\/www.restaurantenmarge.com\/en\/reservation-cours-de-cuisine\/\">R\u00e9servation \u2013 Cours de cuisine<\/a><\/p><p>Seminars<\/p>\t\t\t\t\t\t\t\t<\/div>\n\t\t\t\t\t<\/div>\n\t\t\t\t<\/div>\n\t\t\t\t<\/div>","protected":false},"excerpt":{"rendered":"<p>Plan de site Accueil Contactez-nous Les chambres Nos services La Galerie A emporter \u00c0 la Carte La cuisine du chef Menus Les actualit\u00e9s Les \u00e9v\u00e9nements Mentions l\u00e9gales Nos bons cadeaux Partenaires Recrutement R\u00e9servation \u2013 Cours de cuisine S\u00e9minaires<\/p>","protected":false},"author":1,"featured_media":0,"parent":0,"menu_order":0,"comment_status":"closed","ping_status":"closed","template":"","meta":{"_acf_changed":false,"footnotes":""},"class_list":["post-3039","page","type-page","status-publish","hentry"],"acf":[],"_links":{"self":[{"href":"https:\/\/www.restaurantenmarge.com\/en\/wp-json\/wp\/v2\/pages\/3039","targetHints":{"allow":["GET"]}}],"collection":[{"href":"https:\/\/www.restaurantenmarge.com\/en\/wp-json\/wp\/v2\/pages"}],"about":[{"href":"https:\/\/www.restaurantenmarge.com\/en\/wp-json\/wp\/v2\/types\/page"}],"author":[{"embeddable":true,"href":"https:\/\/www.restaurantenmarge.com\/en\/wp-json\/wp\/v2\/users\/1"}],"replies":[{"embeddable":true,"href":"https:\/\/www.restaurantenmarge.com\/en\/wp-json\/wp\/v2\/comments?post=3039"}],"version-history":[{"count":4,"href":"https:\/\/www.restaurantenmarge.com\/en\/wp-json\/wp\/v2\/pages\/3039\/revisions"}],"predecessor-version":[{"id":3044,"href":"https:\/\/www.restaurantenmarge.com\/en\/wp-json\/wp\/v2\/pages\/3039\/revisions\/3044"}],"wp:attachment":[{"href":"https:\/\/www.restaurantenmarge.com\/en\/wp-json\/wp\/v2\/media?parent=3039"}],"curies":[{"name":"wp","href":"https:\/\/api.w.org\/{rel}","templated":true}]}}