{"id":2521,"date":"2025-11-27T12:03:12","date_gmt":"2025-11-27T12:03:12","guid":{"rendered":"https:\/\/www.restaurantenmarge.com\/?page_id=2521"},"modified":"2025-11-27T12:11:36","modified_gmt":"2025-11-27T12:11:36","slug":"merci-pour-votre-commande","status":"publish","type":"page","link":"https:\/\/www.restaurantenmarge.com\/en\/merci-pour-votre-commande\/","title":{"rendered":"Merci pour votre commande"},"content":{"rendered":"<div data-elementor-type=\"wp-page\" data-elementor-id=\"2521\" class=\"elementor elementor-2521\" data-elementor-post-type=\"page\">\n\t\t\t\t<div class=\"elementor-element elementor-element-361166a7 e-flex e-con-boxed e-con e-parent\" data-id=\"361166a7\" data-element_type=\"container\" data-settings=\"{&quot;background_background&quot;:&quot;classic&quot;}\">\n\t\t\t\t\t<div class=\"e-con-inner\">\n\t\t\t\t<div class=\"elementor-element elementor-element-27fe907e elementor-widget__width-initial elementor-widget elementor-widget-heading\" data-id=\"27fe907e\" data-element_type=\"widget\" data-widget_type=\"heading.default\">\n\t\t\t\t\t<div class=\"elementor-heading-title elementor-size-default\">Merci !<\/div>\t\t\t\t<\/div>\n\t\t\t\t\t<\/div>\n\t\t\t\t<\/div>\n\t\t<div class=\"elementor-element elementor-element-719f8bb e-flex e-con-boxed e-con e-parent\" data-id=\"719f8bb\" data-element_type=\"container\" data-settings=\"{&quot;background_background&quot;:&quot;classic&quot;}\">\n\t\t\t\t\t<div class=\"e-con-inner\">\n\t\t\t\t<div class=\"elementor-element elementor-element-9a439a4 elementor-widget elementor-widget-text-editor\" data-id=\"9a439a4\" data-element_type=\"widget\" data-widget_type=\"text-editor.default\">\n\t\t\t\t\t\t\t\t\t<h3><b>\ud83c\udf89 Merci pour votre commande !<\/b><\/h3><p class=\"p3\">Vous allez recevoir par email votre carte cadeau, que vous pourrez offrir \u00e0 la personne de votre choix.<\/p><p class=\"p4\"><span class=\"s2\">\u26a0\ufe0f <\/span><b>Please note: this order does not constitute a reservation.<\/b><b><\/b><\/p><p class=\"p4\"><span class=\"s2\">\u2022 <\/span><b>Cours de cuisine<\/b><span class=\"s2\"> :<\/span><\/p><p class=\"p3\">Pour participer, choisissez un cr\u00e9neau parmi ceux disponibles en <a href=\"https:\/\/www.restaurantenmarge.com\/en\/reservation-cours-de-cuisine\/\">click here<\/a>, puis indiquez votre num\u00e9ro de bon cadeau lors de l\u2019inscription.<\/p><p class=\"p4\"><span class=\"s2\">\u2022 <\/span><b>Menus et\/ou nuit\u00e9e<\/b><span class=\"s2\"> :<\/span><\/p><p class=\"p3\">Pensez \u00e0 r\u00e9server votre exp\u00e9rience. Les liens de r\u00e9servation sont accessibles dans le menu, via le bouton <span class=\"s3\"><b>\u201cR\u00e9servez\u201d<\/b><\/span>.<\/p><p class=\"p3\">Si vous avez la moindre question, n\u2019h\u00e9sitez pas \u00e0 nous contacter. Bonne d\u00e9gustation\u2026 ou bon cadeau ! \ud83c\udf7d\ufe0f\u2728<\/p>\t\t\t\t\t\t\t\t<\/div>\n\t\t\t\t\t<\/div>\n\t\t\t\t<\/div>\n\t\t\t\t<\/div>","protected":false},"excerpt":{"rendered":"<p>Merci ! &#x1f389; Merci pour votre commande ! Vous allez recevoir par email votre carte cadeau, que vous pourrez offrir \u00e0 la personne de votre choix. &#x26a0;&#xfe0f; Attention : cette commande ne constitue pas une r\u00e9servation. \u2022 Cours de cuisine : Pour participer, choisissez un cr\u00e9neau parmi ceux disponibles en cliquant ici, puis indiquez votre [&hellip;]<\/p>","protected":false},"author":1,"featured_media":0,"parent":0,"menu_order":0,"comment_status":"closed","ping_status":"closed","template":"","meta":{"_acf_changed":false,"footnotes":""},"class_list":["post-2521","page","type-page","status-publish","hentry"],"acf":[],"_links":{"self":[{"href":"https:\/\/www.restaurantenmarge.com\/en\/wp-json\/wp\/v2\/pages\/2521","targetHints":{"allow":["GET"]}}],"collection":[{"href":"https:\/\/www.restaurantenmarge.com\/en\/wp-json\/wp\/v2\/pages"}],"about":[{"href":"https:\/\/www.restaurantenmarge.com\/en\/wp-json\/wp\/v2\/types\/page"}],"author":[{"embeddable":true,"href":"https:\/\/www.restaurantenmarge.com\/en\/wp-json\/wp\/v2\/users\/1"}],"replies":[{"embeddable":true,"href":"https:\/\/www.restaurantenmarge.com\/en\/wp-json\/wp\/v2\/comments?post=2521"}],"version-history":[{"count":5,"href":"https:\/\/www.restaurantenmarge.com\/en\/wp-json\/wp\/v2\/pages\/2521\/revisions"}],"predecessor-version":[{"id":3464,"href":"https:\/\/www.restaurantenmarge.com\/en\/wp-json\/wp\/v2\/pages\/2521\/revisions\/3464"}],"wp:attachment":[{"href":"https:\/\/www.restaurantenmarge.com\/en\/wp-json\/wp\/v2\/media?parent=2521"}],"curies":[{"name":"wp","href":"https:\/\/api.w.org\/{rel}","templated":true}]}}