{"id":145,"date":"2025-10-06T11:01:54","date_gmt":"2025-10-06T11:01:54","guid":{"rendered":"https:\/\/restaurant.dheerajbhosale.in\/wp\/?page_id=145"},"modified":"2026-02-13T13:41:18","modified_gmt":"2026-02-13T12:41:18","slug":"seminars","status":"publish","type":"page","link":"https:\/\/www.restaurantenmarge.com\/en\/seminars\/","title":{"rendered":"Seminars"},"content":{"rendered":"<div data-elementor-type=\"wp-page\" data-elementor-id=\"145\" class=\"elementor elementor-145\" data-elementor-post-type=\"page\">\n\t\t\t\t<div class=\"elementor-element elementor-element-8dddea7 e-flex e-con-boxed e-con e-parent\" data-id=\"8dddea7\" data-element_type=\"container\" data-settings=\"{&quot;background_background&quot;:&quot;classic&quot;}\">\n\t\t\t\t\t<div class=\"e-con-inner\">\n\t\t\t\t<div class=\"elementor-element elementor-element-a33fafe elementor-widget__width-initial elementor-widget elementor-widget-heading\" data-id=\"a33fafe\" data-element_type=\"widget\" data-widget_type=\"heading.default\">\n\t\t\t\t\t<h1 class=\"elementor-heading-title elementor-size-default\">Hold your seminars in an inspiring setting<\/h1>\t\t\t\t<\/div>\n\t\t\t\t<div class=\"elementor-element elementor-element-5f25714 elementor-align-center elementor-tablet-align-left elementor-widget elementor-widget-button\" data-id=\"5f25714\" data-element_type=\"widget\" data-widget_type=\"button.default\">\n\t\t\t\t\t\t\t\t\t\t<a class=\"elementor-button elementor-button-link elementor-size-sm\" href=\"https:\/\/www.restaurantenmarge.com\/en\/contact\/\">\n\t\t\t\t\t\t<span class=\"elementor-button-content-wrapper\">\n\t\t\t\t\t\t\t\t\t<span class=\"elementor-button-text\">Ask for a quote<\/span>\n\t\t\t\t\t<\/span>\n\t\t\t\t\t<\/a>\n\t\t\t\t\t\t\t\t<\/div>\n\t\t\t\t\t<\/div>\n\t\t\t\t<\/div>\n\t\t<div class=\"elementor-element elementor-element-88e5b73 e-flex e-con-boxed e-con e-parent\" data-id=\"88e5b73\" data-element_type=\"container\">\n\t\t\t\t\t<div class=\"e-con-inner\">\n\t\t<div class=\"elementor-element elementor-element-68e7568 e-con-full e-flex e-con e-child\" data-id=\"68e7568\" data-element_type=\"container\">\n\t\t\t\t<div class=\"elementor-element elementor-element-b4742c0 elementor-button-align-center elementor-widget elementor-widget-form\" data-id=\"b4742c0\" data-element_type=\"widget\" data-settings=\"{&quot;step_next_label&quot;:&quot;Next&quot;,&quot;step_previous_label&quot;:&quot;Previous&quot;,&quot;button_width&quot;:&quot;100&quot;,&quot;step_type&quot;:&quot;number_text&quot;,&quot;step_icon_shape&quot;:&quot;circle&quot;}\" data-widget_type=\"form.default\">\n\t\t\t\t\t\t\t<form class=\"elementor-form\" method=\"post\" name=\"New Form\" aria-label=\"New Form\" action=\"\">\n\t\t\t<input type=\"hidden\" name=\"post_id\" value=\"145\"\/>\n\t\t\t<input type=\"hidden\" name=\"form_id\" value=\"b4742c0\"\/>\n\t\t\t<input type=\"hidden\" name=\"referer_title\" value=\"S\u00e9minaires\" \/>\n\n\t\t\t\t\t\t\t<input type=\"hidden\" name=\"queried_id\" value=\"145\"\/>\n\t\t\t\n\t\t\t<div class=\"elementor-form-fields-wrapper elementor-labels-above\">\n\t\t\t\t\t\t\t\t<div class=\"elementor-field-type-text elementor-field-group elementor-column elementor-field-group-email elementor-col-100 elementor-field-required elementor-mark-required\">\n\t\t\t\t\t\t\t\t\t\t\t\t<label for=\"form-field-email\" class=\"elementor-field-label\">\n\t\t\t\t\t\t\t\tName \/ Company\t\t\t\t\t\t\t<\/label>\n\t\t\t\t\t\t\t\t\t\t\t\t\t\t<input size=\"1\" type=\"text\" name=\"form_fields[email]\" id=\"form-field-email\" class=\"elementor-field elementor-size-sm  elementor-field-textual\" required=\"required\">\n\t\t\t\t\t\t\t\t\t\t\t<\/div>\n\t\t\t\t\t\t\t\t<div class=\"elementor-field-type-text elementor-field-group elementor-column elementor-field-group-field_506b546 elementor-col-100 elementor-field-required elementor-mark-required\">\n\t\t\t\t\t\t\t\t\t\t\t\t<label for=\"form-field-field_506b546\" class=\"elementor-field-label\">\n\t\t\t\t\t\t\t\tFirst name\t\t\t\t\t\t\t<\/label>\n\t\t\t\t\t\t\t\t\t\t\t\t\t\t<input size=\"1\" type=\"text\" name=\"form_fields[field_506b546]\" id=\"form-field-field_506b546\" class=\"elementor-field elementor-size-sm  elementor-field-textual\" required=\"required\">\n\t\t\t\t\t\t\t\t\t\t\t<\/div>\n\t\t\t\t\t\t\t\t<div class=\"elementor-field-type-tel elementor-field-group elementor-column elementor-field-group-field_a640581 elementor-col-100 elementor-field-required elementor-mark-required\">\n\t\t\t\t\t\t\t\t\t\t\t\t<label for=\"form-field-field_a640581\" class=\"elementor-field-label\">\n\t\t\t\t\t\t\t\tPhone\t\t\t\t\t\t\t<\/label>\n\t\t\t\t\t\t\t\t<input size=\"1\" type=\"tel\" name=\"form_fields[field_a640581]\" id=\"form-field-field_a640581\" class=\"elementor-field elementor-size-sm  elementor-field-textual\" required=\"required\" pattern=\"[0-9()#&amp;+*-=.]+\" title=\"Only telephone number characters (#, -, *, etc.) are accepted.\">\n\n\t\t\t\t\t\t<\/div>\n\t\t\t\t\t\t\t\t<div class=\"elementor-field-type-email elementor-field-group elementor-column elementor-field-group-message elementor-col-100 elementor-field-required elementor-mark-required\">\n\t\t\t\t\t\t\t\t\t\t\t\t<label for=\"form-field-message\" class=\"elementor-field-label\">\n\t\t\t\t\t\t\t\tE-mail\t\t\t\t\t\t\t<\/label>\n\t\t\t\t\t\t\t\t\t\t\t\t\t\t<input size=\"1\" type=\"email\" name=\"form_fields[message]\" id=\"form-field-message\" class=\"elementor-field elementor-size-sm  elementor-field-textual\" required=\"required\">\n\t\t\t\t\t\t\t\t\t\t\t<\/div>\n\t\t\t\t\t\t\t\t<div class=\"elementor-field-type-date elementor-field-group elementor-column elementor-field-group-field_23d2574 elementor-col-100\">\n\t\t\t\t\t\t\t\t\t\t\t\t<label for=\"form-field-field_23d2574\" class=\"elementor-field-label\">\n\t\t\t\t\t\t\t\tDate\t\t\t\t\t\t\t<\/label>\n\t\t\t\t\t\t\n\t\t<input type=\"date\" name=\"form_fields[field_23d2574]\" id=\"form-field-field_23d2574\" class=\"elementor-field elementor-size-sm  elementor-field-textual elementor-date-field\" pattern=\"[0-9]{4}-[0-9]{2}-[0-9]{2}\">\n\t\t\t\t\t\t<\/div>\n\t\t\t\t\t\t\t\t<div class=\"elementor-field-type-number elementor-field-group elementor-column elementor-field-group-field_b7c8911 elementor-col-100\">\n\t\t\t\t\t\t\t\t\t\t\t\t<label for=\"form-field-field_b7c8911\" class=\"elementor-field-label\">\n\t\t\t\t\t\t\t\tNumber of persons\t\t\t\t\t\t\t<\/label>\n\t\t\t\t\t\t\t\t\t<input type=\"number\" name=\"form_fields[field_b7c8911]\" id=\"form-field-field_b7c8911\" class=\"elementor-field elementor-size-sm  elementor-field-textual\" min=\"\" max=\"\" >\n\t\t\t\t\t\t<\/div>\n\t\t\t\t\t\t\t\t<div class=\"elementor-field-type-textarea elementor-field-group elementor-column elementor-field-group-field_9cfb652 elementor-col-100\">\n\t\t\t\t\t\t\t\t\t\t\t\t<label for=\"form-field-field_9cfb652\" class=\"elementor-field-label\">\n\t\t\t\t\t\t\t\tMessage\t\t\t\t\t\t\t<\/label>\n\t\t\t\t\t\t<textarea class=\"elementor-field-textual elementor-field  elementor-size-sm\" name=\"form_fields[field_9cfb652]\" id=\"form-field-field_9cfb652\" rows=\"4\"><\/textarea>\t\t\t\t<\/div>\n\t\t\t\t\t\t\t\t<div class=\"elementor-field-type-recaptcha_v3 elementor-field-group elementor-column elementor-field-group-field_cc16da2 elementor-col-100 recaptcha_v3-bottomright\">\n\t\t\t\t\t<div class=\"elementor-field\" id=\"form-field-field_cc16da2\"><div class=\"elementor-g-recaptcha\" data-sitekey=\"6LcHUmosAAAAAH0EuOIZ-994kcG3xKMy9u3X5d5-\" data-type=\"v3\" data-action=\"Form\" data-badge=\"bottomright\" data-size=\"invisible\"><\/div><\/div>\t\t\t\t<\/div>\n\t\t\t\t\t\t\t\t<div class=\"elementor-field-group elementor-column elementor-field-type-submit elementor-col-100 e-form__buttons\">\n\t\t\t\t\t<button class=\"elementor-button elementor-size-sm\" type=\"submit\">\n\t\t\t\t\t\t<span class=\"elementor-button-content-wrapper\">\n\t\t\t\t\t\t\t\t\t\t\t\t\t\t\t\t\t\t\t\t\t\t<span class=\"elementor-button-text\">Send<\/span>\n\t\t\t\t\t\t\t\t\t\t\t\t\t<\/span>\n\t\t\t\t\t<\/button>\n\t\t\t\t<\/div>\n\t\t\t<\/div>\n\t\t<input type=\"hidden\" name=\"trp-form-language\" value=\"en\"\/><\/form>\n\t\t\t\t\t\t<\/div>\n\t\t\t\t<\/div>\n\t\t<div class=\"elementor-element elementor-element-cbd3451 e-con-full e-flex e-con e-child\" data-id=\"cbd3451\" data-element_type=\"container\">\n\t\t\t\t<div class=\"elementor-element elementor-element-90eaf00 elementor-widget elementor-widget-heading\" data-id=\"90eaf00\" data-element_type=\"widget\" data-widget_type=\"heading.default\">\n\t\t\t\t\t<div class=\"elementor-heading-title elementor-size-default\">the seminar<\/div>\t\t\t\t<\/div>\n\t\t\t\t<div class=\"elementor-element elementor-element-ca0cd8b elementor-widget elementor-widget-heading\" data-id=\"ca0cd8b\" data-element_type=\"widget\" data-widget_type=\"heading.default\">\n\t\t\t\t\t<h2 class=\"elementor-heading-title elementor-size-default\">Hold your seminars in a unique setting<\/h2>\t\t\t\t<\/div>\n\t\t\t\t<div class=\"elementor-element elementor-element-068cd8b elementor-widget-divider--view-line elementor-widget elementor-widget-divider\" data-id=\"068cd8b\" data-element_type=\"widget\" data-widget_type=\"divider.default\">\n\t\t\t\t\t\t\t<div class=\"elementor-divider\">\n\t\t\t<span class=\"elementor-divider-separator\">\n\t\t\t\t\t\t<\/span>\n\t\t<\/div>\n\t\t\t\t\t\t<\/div>\n\t\t\t\t<div class=\"elementor-element elementor-element-998d34a elementor-widget elementor-widget-text-editor\" data-id=\"998d34a\" data-element_type=\"widget\" data-widget_type=\"text-editor.default\">\n\t\t\t\t\t\t\t\t\t<p>Treat your colleagues to a timeless moment in the heart of the Toulouse countryside. Just 15 minutes from the city center, Restaurant &amp; H\u00f4tel En Marge welcomes you to a peaceful, elegant and inspiring environment, ideal for fostering creativity, cohesion and concentration.<\/p>\t\t\t\t\t\t\t\t<\/div>\n\t\t\t\t<div class=\"elementor-element elementor-element-1f1f7ad elementor-widget elementor-widget-heading\" data-id=\"1f1f7ad\" data-element_type=\"widget\" data-widget_type=\"heading.default\">\n\t\t\t\t\t<h2 class=\"elementor-heading-title elementor-size-default\">A place for reflection and conviviality<\/h2>\t\t\t\t<\/div>\n\t\t\t\t<div class=\"elementor-element elementor-element-e8a95d5 elementor-widget-divider--view-line elementor-widget elementor-widget-divider\" data-id=\"e8a95d5\" data-element_type=\"widget\" data-widget_type=\"divider.default\">\n\t\t\t\t\t\t\t<div class=\"elementor-divider\">\n\t\t\t<span class=\"elementor-divider-separator\">\n\t\t\t\t\t\t<\/span>\n\t\t<\/div>\n\t\t\t\t\t\t<\/div>\n\t\t\t\t<div class=\"elementor-element elementor-element-c2fe945 elementor-widget elementor-widget-text-editor\" data-id=\"c2fe945\" data-element_type=\"widget\" data-widget_type=\"text-editor.default\">\n\t\t\t\t\t\t\t\t\tWhether you're looking for a day of study, a residential seminar, a strategy meeting, a product launch or a team-building session, we can offer you tailor-made services combining comfort, discretion and gastronomy.\t\t\t\t\t\t\t\t<\/div>\n\t\t\t\t<\/div>\n\t\t\t\t\t<\/div>\n\t\t\t\t<\/div>\n\t\t<div class=\"elementor-element elementor-element-6e70d73 e-flex e-con-boxed e-con e-parent\" data-id=\"6e70d73\" data-element_type=\"container\" data-settings=\"{&quot;background_background&quot;:&quot;classic&quot;}\">\n\t\t\t\t\t<div class=\"e-con-inner\">\n\t\t\t\t<div class=\"elementor-element elementor-element-3e3719c elementor-widget elementor-widget-heading\" data-id=\"3e3719c\" data-element_type=\"widget\" data-widget_type=\"heading.default\">\n\t\t\t\t\t<h2 class=\"elementor-heading-title elementor-size-default\">Seminar photo gallery<\/h2>\t\t\t\t<\/div>\n\t\t<div class=\"elementor-element elementor-element-fabcdeb e-grid e-con-full e-con e-child\" data-id=\"fabcdeb\" data-element_type=\"container\">\n\t\t\t\t<div class=\"elementor-element elementor-element-4c054ea elementor-widget elementor-widget-image\" data-id=\"4c054ea\" data-element_type=\"widget\" data-widget_type=\"image.default\">\n\t\t\t\t\t\t\t\t\t\t\t\t\t\t\t<img fetchpriority=\"high\" decoding=\"async\" width=\"800\" height=\"534\" src=\"https:\/\/www.restaurantenmarge.com\/wp-content\/uploads\/2025\/12\/LOU03931-1024x683.webp\" class=\"attachment-large size-large wp-image-2921\" alt=\"\" srcset=\"https:\/\/www.restaurantenmarge.com\/wp-content\/uploads\/2025\/12\/LOU03931-1024x683.webp 1024w, https:\/\/www.restaurantenmarge.com\/wp-content\/uploads\/2025\/12\/LOU03931-300x200.webp 300w, https:\/\/www.restaurantenmarge.com\/wp-content\/uploads\/2025\/12\/LOU03931-768x512.webp 768w, https:\/\/www.restaurantenmarge.com\/wp-content\/uploads\/2025\/12\/LOU03931-1536x1024.webp 1536w, https:\/\/www.restaurantenmarge.com\/wp-content\/uploads\/2025\/12\/LOU03931-600x400.webp 600w, https:\/\/www.restaurantenmarge.com\/wp-content\/uploads\/2025\/12\/LOU03931.webp 1920w\" sizes=\"(max-width: 800px) 100vw, 800px\" \/>\t\t\t\t\t\t\t\t\t\t\t\t\t\t\t<\/div>\n\t\t\t\t<div class=\"elementor-element elementor-element-e79512a elementor-widget elementor-widget-image\" data-id=\"e79512a\" data-element_type=\"widget\" data-widget_type=\"image.default\">\n\t\t\t\t\t\t\t\t\t\t\t\t\t\t\t<img decoding=\"async\" width=\"800\" height=\"534\" src=\"https:\/\/www.restaurantenmarge.com\/wp-content\/uploads\/2025\/12\/@mchjlouis-3828-1024x683.webp\" class=\"attachment-large size-large wp-image-2865\" alt=\"\" srcset=\"https:\/\/www.restaurantenmarge.com\/wp-content\/uploads\/2025\/12\/@mchjlouis-3828-1024x683.webp 1024w, https:\/\/www.restaurantenmarge.com\/wp-content\/uploads\/2025\/12\/@mchjlouis-3828-300x200.webp 300w, https:\/\/www.restaurantenmarge.com\/wp-content\/uploads\/2025\/12\/@mchjlouis-3828-768x512.webp 768w, https:\/\/www.restaurantenmarge.com\/wp-content\/uploads\/2025\/12\/@mchjlouis-3828-1536x1024.webp 1536w, https:\/\/www.restaurantenmarge.com\/wp-content\/uploads\/2025\/12\/@mchjlouis-3828-600x400.webp 600w, https:\/\/www.restaurantenmarge.com\/wp-content\/uploads\/2025\/12\/@mchjlouis-3828.webp 1920w\" sizes=\"(max-width: 800px) 100vw, 800px\" \/>\t\t\t\t\t\t\t\t\t\t\t\t\t\t\t<\/div>\n\t\t\t\t<div class=\"elementor-element elementor-element-fe1d59b elementor-widget elementor-widget-image\" data-id=\"fe1d59b\" data-element_type=\"widget\" data-widget_type=\"image.default\">\n\t\t\t\t\t\t\t\t\t\t\t\t\t\t\t<img decoding=\"async\" width=\"800\" height=\"534\" src=\"https:\/\/www.restaurantenmarge.com\/wp-content\/uploads\/2025\/12\/LOU04978-1024x683.webp\" class=\"attachment-large size-large wp-image-2866\" alt=\"\" srcset=\"https:\/\/www.restaurantenmarge.com\/wp-content\/uploads\/2025\/12\/LOU04978-1024x683.webp 1024w, https:\/\/www.restaurantenmarge.com\/wp-content\/uploads\/2025\/12\/LOU04978-300x200.webp 300w, https:\/\/www.restaurantenmarge.com\/wp-content\/uploads\/2025\/12\/LOU04978-768x512.webp 768w, https:\/\/www.restaurantenmarge.com\/wp-content\/uploads\/2025\/12\/LOU04978-1536x1024.webp 1536w, https:\/\/www.restaurantenmarge.com\/wp-content\/uploads\/2025\/12\/LOU04978-600x400.webp 600w, https:\/\/www.restaurantenmarge.com\/wp-content\/uploads\/2025\/12\/LOU04978.webp 1920w\" sizes=\"(max-width: 800px) 100vw, 800px\" \/>\t\t\t\t\t\t\t\t\t\t\t\t\t\t\t<\/div>\n\t\t\t\t<div class=\"elementor-element elementor-element-5c34935 elementor-widget elementor-widget-image\" data-id=\"5c34935\" data-element_type=\"widget\" data-widget_type=\"image.default\">\n\t\t\t\t\t\t\t\t\t\t\t\t\t\t\t<img loading=\"lazy\" decoding=\"async\" width=\"800\" height=\"534\" src=\"https:\/\/www.restaurantenmarge.com\/wp-content\/uploads\/2025\/12\/@mchjlouis-2445-1024x683.webp\" class=\"attachment-large size-large wp-image-2864\" alt=\"\" srcset=\"https:\/\/www.restaurantenmarge.com\/wp-content\/uploads\/2025\/12\/@mchjlouis-2445-1024x683.webp 1024w, https:\/\/www.restaurantenmarge.com\/wp-content\/uploads\/2025\/12\/@mchjlouis-2445-300x200.webp 300w, https:\/\/www.restaurantenmarge.com\/wp-content\/uploads\/2025\/12\/@mchjlouis-2445-768x512.webp 768w, https:\/\/www.restaurantenmarge.com\/wp-content\/uploads\/2025\/12\/@mchjlouis-2445-1536x1024.webp 1536w, https:\/\/www.restaurantenmarge.com\/wp-content\/uploads\/2025\/12\/@mchjlouis-2445-600x400.webp 600w, https:\/\/www.restaurantenmarge.com\/wp-content\/uploads\/2025\/12\/@mchjlouis-2445.webp 1920w\" sizes=\"(max-width: 800px) 100vw, 800px\" \/>\t\t\t\t\t\t\t\t\t\t\t\t\t\t\t<\/div>\n\t\t\t\t<\/div>\n\t\t\t\t\t<\/div>\n\t\t\t\t<\/div>\n\t\t\t\t<\/div>","protected":false},"excerpt":{"rendered":"<p>Organisez vos s\u00e9minaires dans un cadre inspirant Demandez un devis le s\u00e9minaire Organisez vos s\u00e9minaires dans un cadre unique Offrez \u00e0 vos collaborateurs un moment hors du temps au c\u0153ur de la campagne toulousaine. \u00c0 seulement 15 minutes du centre-ville, le\u00a0Restaurant &amp; H\u00f4tel En Marge\u00a0vous accueille dans un environnement paisible, \u00e9l\u00e9gant et inspirant, id\u00e9al pour [&hellip;]<\/p>","protected":false},"author":1,"featured_media":0,"parent":0,"menu_order":0,"comment_status":"closed","ping_status":"closed","template":"elementor_header_footer","meta":{"_acf_changed":false,"footnotes":""},"class_list":["post-145","page","type-page","status-publish","hentry"],"acf":[],"_links":{"self":[{"href":"https:\/\/www.restaurantenmarge.com\/en\/wp-json\/wp\/v2\/pages\/145","targetHints":{"allow":["GET"]}}],"collection":[{"href":"https:\/\/www.restaurantenmarge.com\/en\/wp-json\/wp\/v2\/pages"}],"about":[{"href":"https:\/\/www.restaurantenmarge.com\/en\/wp-json\/wp\/v2\/types\/page"}],"author":[{"embeddable":true,"href":"https:\/\/www.restaurantenmarge.com\/en\/wp-json\/wp\/v2\/users\/1"}],"replies":[{"embeddable":true,"href":"https:\/\/www.restaurantenmarge.com\/en\/wp-json\/wp\/v2\/comments?post=145"}],"version-history":[{"count":74,"href":"https:\/\/www.restaurantenmarge.com\/en\/wp-json\/wp\/v2\/pages\/145\/revisions"}],"predecessor-version":[{"id":3577,"href":"https:\/\/www.restaurantenmarge.com\/en\/wp-json\/wp\/v2\/pages\/145\/revisions\/3577"}],"wp:attachment":[{"href":"https:\/\/www.restaurantenmarge.com\/en\/wp-json\/wp\/v2\/media?parent=145"}],"curies":[{"name":"wp","href":"https:\/\/api.w.org\/{rel}","templated":true}]}}