{"id":139,"date":"2025-10-06T10:59:37","date_gmt":"2025-10-06T10:59:37","guid":{"rendered":"https:\/\/restaurant.dheerajbhosale.in\/wp\/?page_id=139"},"modified":"2025-12-16T08:21:58","modified_gmt":"2025-12-16T08:21:58","slug":"rooms","status":"publish","type":"page","link":"https:\/\/www.restaurantenmarge.com\/en\/hotel\/rooms\/","title":{"rendered":"The rooms"},"content":{"rendered":"<div data-elementor-type=\"wp-page\" data-elementor-id=\"139\" class=\"elementor elementor-139\" data-elementor-post-type=\"page\">\n\t\t\t\t<div class=\"elementor-element elementor-element-58d5035 e-flex e-con-boxed e-con e-parent\" data-id=\"58d5035\" data-element_type=\"container\" data-settings=\"{&quot;background_background&quot;:&quot;classic&quot;}\">\n\t\t\t\t\t<div class=\"e-con-inner\">\n\t\t\t\t<div class=\"elementor-element elementor-element-f802100 elementor-widget__width-initial elementor-widget elementor-widget-heading\" data-id=\"f802100\" data-element_type=\"widget\" data-widget_type=\"heading.default\">\n\t\t\t\t\t<h1 class=\"elementor-heading-title elementor-size-default\">Rooms &amp; Suites<\/h1>\t\t\t\t<\/div>\n\t\t\t\t\t<\/div>\n\t\t\t\t<\/div>\n\t\t<div class=\"elementor-element elementor-element-35d3128 e-flex e-con-boxed e-con e-parent\" data-id=\"35d3128\" data-element_type=\"container\" data-settings=\"{&quot;background_background&quot;:&quot;classic&quot;}\">\n\t\t\t\t\t<div class=\"e-con-inner\">\n\t\t\t\t<div class=\"elementor-element elementor-element-b4f5771 elementor-widget elementor-widget-heading\" data-id=\"b4f5771\" data-element_type=\"widget\" data-widget_type=\"heading.default\">\n\t\t\t\t\t<h2 class=\"elementor-heading-title elementor-size-default\">Un havre de paix<\/h2>\t\t\t\t<\/div>\n\t\t\t\t<div class=\"elementor-element elementor-element-8f31e62 elementor-widget__width-inherit elementor-widget elementor-widget-heading\" data-id=\"8f31e62\" data-element_type=\"widget\" data-widget_type=\"heading.default\">\n\t\t\t\t\t<span class=\"elementor-heading-title elementor-size-default\">...<\/span>\t\t\t\t<\/div>\n\t\t\t\t<div class=\"elementor-element elementor-element-d9005ef elementor-widget elementor-widget-text-editor\" data-id=\"d9005ef\" data-element_type=\"widget\" data-widget_type=\"text-editor.default\">\n\t\t\t\t\t\t\t\t\t<p>Isabelle and Frank Renimel have designed a welcoming, authentic place, spiced up with a touch of whimsy. The brick and pebble walls of the old XIX\u1d49 century farmhouse have been preserved, and stand side by side with geometric extensions in beautiful harmony. The decor is simple, warm, embellished with sandstone and bright colors.<\/p>\t\t\t\t\t\t\t\t<\/div>\n\t\t<div class=\"elementor-element elementor-element-735a46b e-con-full e-flex e-con e-child\" data-id=\"735a46b\" data-element_type=\"container\">\n\t\t\t\t<div class=\"elementor-element elementor-element-56b7a98 elementor-position-top elementor-widget__width-initial elementor-position-top elementor-widget elementor-widget-image-box\" data-id=\"56b7a98\" data-element_type=\"widget\" data-widget_type=\"image-box.default\">\n\t\t\t\t\t<div class=\"elementor-image-box-wrapper\"><figure class=\"elementor-image-box-img\"><img fetchpriority=\"high\" decoding=\"async\" width=\"340\" height=\"339\" src=\"https:\/\/www.restaurantenmarge.com\/wp-content\/uploads\/2025\/10\/Gemini_Generated_Image_tdqwdltdqwdltdqw-removebg-preview-e1759827718908.png\" class=\"attachment-full size-full wp-image-342\" alt=\"\" srcset=\"https:\/\/www.restaurantenmarge.com\/wp-content\/uploads\/2025\/10\/Gemini_Generated_Image_tdqwdltdqwdltdqw-removebg-preview-e1759827718908.png 340w, https:\/\/www.restaurantenmarge.com\/wp-content\/uploads\/2025\/10\/Gemini_Generated_Image_tdqwdltdqwdltdqw-removebg-preview-e1759827718908-300x300.png 300w, https:\/\/www.restaurantenmarge.com\/wp-content\/uploads\/2025\/10\/Gemini_Generated_Image_tdqwdltdqwdltdqw-removebg-preview-e1759827718908-100x100.png 100w, https:\/\/www.restaurantenmarge.com\/wp-content\/uploads\/2025\/10\/Gemini_Generated_Image_tdqwdltdqwdltdqw-removebg-preview-e1759827718908-150x150.png 150w\" sizes=\"(max-width: 340px) 100vw, 340px\" \/><\/figure><div class=\"elementor-image-box-content\"><h3 class=\"elementor-image-box-title\">Gourmet Breakfast <\/h3><\/div><\/div>\t\t\t\t<\/div>\n\t\t\t\t<div class=\"elementor-element elementor-element-0499c64 elementor-widget__width-initial elementor-position-top elementor-position-top elementor-widget elementor-widget-image-box\" data-id=\"0499c64\" data-element_type=\"widget\" data-widget_type=\"image-box.default\">\n\t\t\t\t\t<div class=\"elementor-image-box-wrapper\"><figure class=\"elementor-image-box-img\"><img decoding=\"async\" width=\"280\" height=\"317\" src=\"https:\/\/www.restaurantenmarge.com\/wp-content\/uploads\/2025\/10\/Gemini_Generated_Image_op4bcrop4bcrop4b-removebg-preview-e1759827640862.png\" class=\"attachment-full size-full wp-image-344\" alt=\"\" srcset=\"https:\/\/www.restaurantenmarge.com\/wp-content\/uploads\/2025\/10\/Gemini_Generated_Image_op4bcrop4bcrop4b-removebg-preview-e1759827640862.png 280w, https:\/\/www.restaurantenmarge.com\/wp-content\/uploads\/2025\/10\/Gemini_Generated_Image_op4bcrop4bcrop4b-removebg-preview-e1759827640862-265x300.png 265w\" sizes=\"(max-width: 280px) 100vw, 280px\" \/><\/figure><div class=\"elementor-image-box-content\"><h3 class=\"elementor-image-box-title\">Private terrace<\/h3><\/div><\/div>\t\t\t\t<\/div>\n\t\t\t\t<div class=\"elementor-element elementor-element-a04cd7e elementor-widget__width-initial elementor-position-top elementor-position-top elementor-widget elementor-widget-image-box\" data-id=\"a04cd7e\" data-element_type=\"widget\" data-widget_type=\"image-box.default\">\n\t\t\t\t\t<div class=\"elementor-image-box-wrapper\"><figure class=\"elementor-image-box-img\"><img decoding=\"async\" width=\"333\" height=\"329\" src=\"https:\/\/www.restaurantenmarge.com\/wp-content\/uploads\/2025\/10\/Gemini_Generated_Image_fdieizfdieizfdie-removebg-preview-e1759827842950.png\" class=\"attachment-full size-full wp-image-345\" alt=\"\" srcset=\"https:\/\/www.restaurantenmarge.com\/wp-content\/uploads\/2025\/10\/Gemini_Generated_Image_fdieizfdieizfdie-removebg-preview-e1759827842950.png 333w, https:\/\/www.restaurantenmarge.com\/wp-content\/uploads\/2025\/10\/Gemini_Generated_Image_fdieizfdieizfdie-removebg-preview-e1759827842950-100x100.png 100w, https:\/\/www.restaurantenmarge.com\/wp-content\/uploads\/2025\/10\/Gemini_Generated_Image_fdieizfdieizfdie-removebg-preview-e1759827842950-300x296.png 300w\" sizes=\"(max-width: 333px) 100vw, 333px\" \/><\/figure><div class=\"elementor-image-box-content\"><h3 class=\"elementor-image-box-title\">Wifi Office Corner<\/h3><\/div><\/div>\t\t\t\t<\/div>\n\t\t\t\t<div class=\"elementor-element elementor-element-ecf94a9 elementor-widget__width-initial elementor-position-top elementor-position-top elementor-widget elementor-widget-image-box\" data-id=\"ecf94a9\" data-element_type=\"widget\" data-widget_type=\"image-box.default\">\n\t\t\t\t\t<div class=\"elementor-image-box-wrapper\"><figure class=\"elementor-image-box-img\"><img loading=\"lazy\" decoding=\"async\" width=\"336\" height=\"332\" src=\"https:\/\/www.restaurantenmarge.com\/wp-content\/uploads\/2025\/10\/Gemini_Generated_Image_j8f0s2j8f0s2j8f0-removebg-preview-e1759828094190.png\" class=\"attachment-full size-full wp-image-346\" alt=\"\" srcset=\"https:\/\/www.restaurantenmarge.com\/wp-content\/uploads\/2025\/10\/Gemini_Generated_Image_j8f0s2j8f0s2j8f0-removebg-preview-e1759828094190.png 336w, https:\/\/www.restaurantenmarge.com\/wp-content\/uploads\/2025\/10\/Gemini_Generated_Image_j8f0s2j8f0s2j8f0-removebg-preview-e1759828094190-100x100.png 100w, https:\/\/www.restaurantenmarge.com\/wp-content\/uploads\/2025\/10\/Gemini_Generated_Image_j8f0s2j8f0s2j8f0-removebg-preview-e1759828094190-300x296.png 300w\" sizes=\"(max-width: 336px) 100vw, 336px\" \/><\/figure><div class=\"elementor-image-box-content\"><h3 class=\"elementor-image-box-title\">Gastronomic Restaurant<\/h3><\/div><\/div>\t\t\t\t<\/div>\n\t\t\t\t<div class=\"elementor-element elementor-element-e7dacf5 elementor-widget__width-initial elementor-position-top elementor-position-top elementor-widget elementor-widget-image-box\" data-id=\"e7dacf5\" data-element_type=\"widget\" data-widget_type=\"image-box.default\">\n\t\t\t\t\t<div class=\"elementor-image-box-wrapper\"><figure class=\"elementor-image-box-img\"><img loading=\"lazy\" decoding=\"async\" width=\"265\" height=\"238\" src=\"https:\/\/www.restaurantenmarge.com\/wp-content\/uploads\/2025\/10\/Gemini_Generated_Image_r169dyr169dyr169-removebg-preview-e1759828181350.png\" class=\"attachment-full size-full wp-image-347\" alt=\"\" \/><\/figure><div class=\"elementor-image-box-content\"><h3 class=\"elementor-image-box-title\">Room Service<\/h3><\/div><\/div>\t\t\t\t<\/div>\n\t\t\t\t<\/div>\n\t\t\t\t\t<\/div>\n\t\t\t\t<\/div>\n\t\t<div class=\"elementor-element elementor-element-0ae0cf1 e-flex e-con-boxed e-con e-parent\" data-id=\"0ae0cf1\" data-element_type=\"container\" data-settings=\"{&quot;background_background&quot;:&quot;classic&quot;}\">\n\t\t\t\t\t<div class=\"e-con-inner\">\n\t\t<div class=\"elementor-element elementor-element-6b3139f e-con-full e-flex e-con e-child\" data-id=\"6b3139f\" data-element_type=\"container\" data-settings=\"{&quot;background_background&quot;:&quot;classic&quot;}\">\n\t\t\t\t<div class=\"elementor-element elementor-element-c7abadc elementor-widget elementor-widget-heading\" data-id=\"c7abadc\" data-element_type=\"widget\" data-widget_type=\"heading.default\">\n\t\t\t\t\t<h2 class=\"elementor-heading-title elementor-size-default\">The rooms<\/h2>\t\t\t\t<\/div>\n\t\t\t\t<div class=\"elementor-element elementor-element-12a2c27 elementor-widget__width-inherit elementor-widget elementor-widget-heading\" data-id=\"12a2c27\" data-element_type=\"widget\" data-widget_type=\"heading.default\">\n\t\t\t\t\t<span class=\"elementor-heading-title elementor-size-default\">...<\/span>\t\t\t\t<\/div>\n\t\t<div class=\"elementor-element elementor-element-59a11ea e-con-full e-flex e-con e-child\" data-id=\"59a11ea\" data-element_type=\"container\">\n\t\t\t\t<div class=\"elementor-element elementor-element-dfbaebd elementor-widget-mobile__width-inherit elementor-widget elementor-widget-image\" data-id=\"dfbaebd\" data-element_type=\"widget\" data-widget_type=\"image.default\">\n\t\t\t\t\t\t\t\t\t\t\t\t\t\t\t<img loading=\"lazy\" decoding=\"async\" width=\"370\" height=\"240\" src=\"https:\/\/www.restaurantenmarge.com\/wp-content\/uploads\/2025\/10\/370_240_reflexion-1.jpg\" class=\"attachment-large size-large wp-image-356\" alt=\"\" srcset=\"https:\/\/www.restaurantenmarge.com\/wp-content\/uploads\/2025\/10\/370_240_reflexion-1.jpg 370w, https:\/\/www.restaurantenmarge.com\/wp-content\/uploads\/2025\/10\/370_240_reflexion-1-300x195.jpg 300w\" sizes=\"(max-width: 370px) 100vw, 370px\" \/>\t\t\t\t\t\t\t\t\t\t\t\t\t\t\t<\/div>\n\t\t<div class=\"elementor-element elementor-element-a460da4 e-con-full e-flex e-con e-child\" data-id=\"a460da4\" data-element_type=\"container\">\n\t\t\t\t<div class=\"elementor-element elementor-element-484c786 elementor-widget elementor-widget-heading\" data-id=\"484c786\" data-element_type=\"widget\" data-widget_type=\"heading.default\">\n\t\t\t\t\t<h3 class=\"elementor-heading-title elementor-size-default\">Deluxe room<\/h3>\t\t\t\t<\/div>\n\t\t\t\t<div class=\"elementor-element elementor-element-97f48af elementor-widget elementor-widget-text-editor\" data-id=\"97f48af\" data-element_type=\"widget\" data-widget_type=\"text-editor.default\">\n\t\t\t\t\t\t\t\t\t<p>1 King bed-33 m<sup>2<\/sup><\/p>\t\t\t\t\t\t\t\t<\/div>\n\t\t\t\t<\/div>\n\t\t\t\t<\/div>\n\t\t<div class=\"elementor-element elementor-element-976d3c9 e-con-full e-flex e-con e-child\" data-id=\"976d3c9\" data-element_type=\"container\">\n\t\t\t\t<div class=\"elementor-element elementor-element-b933ad7 elementor-widget-mobile__width-inherit elementor-widget elementor-widget-image\" data-id=\"b933ad7\" data-element_type=\"widget\" data-widget_type=\"image.default\">\n\t\t\t\t\t\t\t\t\t\t\t\t\t\t\t<img loading=\"lazy\" decoding=\"async\" width=\"800\" height=\"533\" src=\"https:\/\/www.restaurantenmarge.com\/wp-content\/uploads\/2025\/11\/juniorsuite00000000001-1024x682.jpg\" class=\"attachment-large size-large wp-image-1734\" alt=\"\" srcset=\"https:\/\/www.restaurantenmarge.com\/wp-content\/uploads\/2025\/11\/juniorsuite00000000001-1024x682.jpg 1024w, https:\/\/www.restaurantenmarge.com\/wp-content\/uploads\/2025\/11\/juniorsuite00000000001-300x200.jpg 300w, https:\/\/www.restaurantenmarge.com\/wp-content\/uploads\/2025\/11\/juniorsuite00000000001-768x512.jpg 768w, https:\/\/www.restaurantenmarge.com\/wp-content\/uploads\/2025\/11\/juniorsuite00000000001-1536x1023.jpg 1536w, https:\/\/www.restaurantenmarge.com\/wp-content\/uploads\/2025\/11\/juniorsuite00000000001-600x400.jpg 600w, https:\/\/www.restaurantenmarge.com\/wp-content\/uploads\/2025\/11\/juniorsuite00000000001.jpg 1621w\" sizes=\"(max-width: 800px) 100vw, 800px\" \/>\t\t\t\t\t\t\t\t\t\t\t\t\t\t\t<\/div>\n\t\t<div class=\"elementor-element elementor-element-b4ebf13 e-con-full e-flex e-con e-child\" data-id=\"b4ebf13\" data-element_type=\"container\">\n\t\t\t\t<div class=\"elementor-element elementor-element-ed5c69c elementor-widget elementor-widget-heading\" data-id=\"ed5c69c\" data-element_type=\"widget\" data-widget_type=\"heading.default\">\n\t\t\t\t\t<h3 class=\"elementor-heading-title elementor-size-default\">Junior Suite<\/h3>\t\t\t\t<\/div>\n\t\t\t\t<div class=\"elementor-element elementor-element-1a7e788 elementor-widget elementor-widget-text-editor\" data-id=\"1a7e788\" data-element_type=\"widget\" data-widget_type=\"text-editor.default\">\n\t\t\t\t\t\t\t\t\t<p>1 Queen-size bed (with child's bed option) - 38 m<sup>2<\/sup><\/p>\t\t\t\t\t\t\t\t<\/div>\n\t\t\t\t<\/div>\n\t\t\t\t<\/div>\n\t\t<div class=\"elementor-element elementor-element-db4c6e5 e-con-full e-flex e-con e-child\" data-id=\"db4c6e5\" data-element_type=\"container\">\n\t\t\t\t<div class=\"elementor-element elementor-element-0552af8 elementor-widget-mobile__width-inherit elementor-widget elementor-widget-image\" data-id=\"0552af8\" data-element_type=\"widget\" data-widget_type=\"image.default\">\n\t\t\t\t\t\t\t\t\t\t\t\t\t\t\t<img loading=\"lazy\" decoding=\"async\" width=\"800\" height=\"534\" src=\"https:\/\/www.restaurantenmarge.com\/wp-content\/uploads\/2025\/11\/suite2.jpg\" class=\"attachment-large size-large wp-image-1736\" alt=\"\" srcset=\"https:\/\/www.restaurantenmarge.com\/wp-content\/uploads\/2025\/11\/suite2.jpg 800w, https:\/\/www.restaurantenmarge.com\/wp-content\/uploads\/2025\/11\/suite2-300x200.jpg 300w, https:\/\/www.restaurantenmarge.com\/wp-content\/uploads\/2025\/11\/suite2-768x513.jpg 768w, https:\/\/www.restaurantenmarge.com\/wp-content\/uploads\/2025\/11\/suite2-600x401.jpg 600w\" sizes=\"(max-width: 800px) 100vw, 800px\" \/>\t\t\t\t\t\t\t\t\t\t\t\t\t\t\t<\/div>\n\t\t<div class=\"elementor-element elementor-element-3297d1d e-con-full e-flex e-con e-child\" data-id=\"3297d1d\" data-element_type=\"container\">\n\t\t\t\t<div class=\"elementor-element elementor-element-e17d429 elementor-widget elementor-widget-heading\" data-id=\"e17d429\" data-element_type=\"widget\" data-widget_type=\"heading.default\">\n\t\t\t\t\t<h3 class=\"elementor-heading-title elementor-size-default\">Suite<\/h3>\t\t\t\t<\/div>\n\t\t\t\t<div class=\"elementor-element elementor-element-329e0b2 elementor-widget elementor-widget-text-editor\" data-id=\"329e0b2\" data-element_type=\"widget\" data-widget_type=\"text-editor.default\">\n\t\t\t\t\t\t\t\t\t<p>1 Queen bed - 66 m<sup>2<\/sup> (sofa bed in living room)<\/p>\t\t\t\t\t\t\t\t<\/div>\n\t\t\t\t<\/div>\n\t\t\t\t<\/div>\n\t\t<div class=\"elementor-element elementor-element-cd6b8e3 e-con-full e-flex e-con e-child\" data-id=\"cd6b8e3\" data-element_type=\"container\">\n\t\t\t\t<div class=\"elementor-element elementor-element-00b89bf elementor-widget-mobile__width-inherit elementor-widget elementor-widget-image\" data-id=\"00b89bf\" data-element_type=\"widget\" data-widget_type=\"image.default\">\n\t\t\t\t\t\t\t\t\t\t\t\t\t\t\t<img loading=\"lazy\" decoding=\"async\" width=\"370\" height=\"240\" src=\"https:\/\/www.restaurantenmarge.com\/wp-content\/uploads\/2025\/10\/370_240_creation-1.jpg\" class=\"attachment-large size-large wp-image-352\" alt=\"\" srcset=\"https:\/\/www.restaurantenmarge.com\/wp-content\/uploads\/2025\/10\/370_240_creation-1.jpg 370w, https:\/\/www.restaurantenmarge.com\/wp-content\/uploads\/2025\/10\/370_240_creation-1-300x195.jpg 300w\" sizes=\"(max-width: 370px) 100vw, 370px\" \/>\t\t\t\t\t\t\t\t\t\t\t\t\t\t\t<\/div>\n\t\t<div class=\"elementor-element elementor-element-0b87a58 e-con-full e-flex e-con e-child\" data-id=\"0b87a58\" data-element_type=\"container\">\n\t\t\t\t<div class=\"elementor-element elementor-element-8b29430 elementor-widget elementor-widget-heading\" data-id=\"8b29430\" data-element_type=\"widget\" data-widget_type=\"heading.default\">\n\t\t\t\t\t<h3 class=\"elementor-heading-title elementor-size-default\">Le Duplex En Marge<\/h3>\t\t\t\t<\/div>\n\t\t\t\t<div class=\"elementor-element elementor-element-cb475e9 elementor-widget elementor-widget-text-editor\" data-id=\"cb475e9\" data-element_type=\"widget\" data-widget_type=\"text-editor.default\">\n\t\t\t\t\t\t\t\t\t<p>2 bedrooms with Queen-size bed (with possibility of child bed) - 66 m<sup>2<\/sup><\/p>\t\t\t\t\t\t\t\t<\/div>\n\t\t\t\t<\/div>\n\t\t\t\t<\/div>\n\t\t<div class=\"elementor-element elementor-element-66def24 e-con-full e-flex e-con e-child\" data-id=\"66def24\" data-element_type=\"container\">\n\t\t\t\t<div class=\"elementor-element elementor-element-a966100 elementor-widget-mobile__width-inherit elementor-widget elementor-widget-image\" data-id=\"a966100\" data-element_type=\"widget\" data-widget_type=\"image.default\">\n\t\t\t\t\t\t\t\t\t\t\t\t\t\t\t<img loading=\"lazy\" decoding=\"async\" width=\"800\" height=\"533\" src=\"https:\/\/www.restaurantenmarge.com\/wp-content\/uploads\/2025\/10\/exterieur-en-marge-41-1024x682.jpg\" class=\"attachment-large size-large wp-image-780\" alt=\"\" srcset=\"https:\/\/www.restaurantenmarge.com\/wp-content\/uploads\/2025\/10\/exterieur-en-marge-41-1024x682.jpg 1024w, https:\/\/www.restaurantenmarge.com\/wp-content\/uploads\/2025\/10\/exterieur-en-marge-41-600x400.jpg 600w, https:\/\/www.restaurantenmarge.com\/wp-content\/uploads\/2025\/10\/exterieur-en-marge-41-300x200.jpg 300w, https:\/\/www.restaurantenmarge.com\/wp-content\/uploads\/2025\/10\/exterieur-en-marge-41-768x512.jpg 768w, https:\/\/www.restaurantenmarge.com\/wp-content\/uploads\/2025\/10\/exterieur-en-marge-41.jpg 1181w\" sizes=\"(max-width: 800px) 100vw, 800px\" \/>\t\t\t\t\t\t\t\t\t\t\t\t\t\t\t<\/div>\n\t\t<div class=\"elementor-element elementor-element-aa6c4ec e-con-full e-flex e-con e-child\" data-id=\"aa6c4ec\" data-element_type=\"container\">\n\t\t\t\t<div class=\"elementor-element elementor-element-5a88acb elementor-widget elementor-widget-heading\" data-id=\"5a88acb\" data-element_type=\"widget\" data-widget_type=\"heading.default\">\n\t\t\t\t\t<h3 class=\"elementor-heading-title elementor-size-default\">La Villa En Marge<\/h3>\t\t\t\t<\/div>\n\t\t\t\t<div class=\"elementor-element elementor-element-ee7a303 elementor-widget elementor-widget-text-editor\" data-id=\"ee7a303\" data-element_type=\"widget\" data-widget_type=\"text-editor.default\">\n\t\t\t\t\t\t\t\t\t<p>5 bedrooms - 210 m<sup>2<\/sup> (from 10 to 14 people)<\/p>\t\t\t\t\t\t\t\t<\/div>\n\t\t\t\t<\/div>\n\t\t\t\t<\/div>\n\t\t<div class=\"elementor-element elementor-element-b6242a0 e-con-full e-flex e-con e-child\" data-id=\"b6242a0\" data-element_type=\"container\">\n\t\t<a class=\"elementor-element elementor-element-d15dbb1 e-con-full e-flex e-con e-child\" data-id=\"d15dbb1\" data-element_type=\"container\" data-settings=\"{&quot;background_background&quot;:&quot;classic&quot;}\" href=\"https:\/\/be.synxis.com\/?adult=2&#038;arrive=2025-11-13&#038;chain=8565&#038;child=0&#038;config=shared&#038;configcode=shared&#038;currency=EUR&#038;depart=2025-11-14&#038;hotel=38054&#038;level=chain&#038;locale=fr-FR&#038;productcurrency=EUR&#038;rooms=1&#038;theme=shared&#038;themecode=shared\" target=\"_blank\">\n\t\t\t\t<div class=\"elementor-element elementor-element-8ce553d elementor-widget elementor-widget-image\" data-id=\"8ce553d\" data-element_type=\"widget\" data-widget_type=\"image.default\">\n\t\t\t\t\t\t\t\t\t\t\t\t\t\t\t<img loading=\"lazy\" decoding=\"async\" width=\"300\" height=\"300\" src=\"https:\/\/www.restaurantenmarge.com\/wp-content\/uploads\/2025\/10\/Gemini_Generated_Image_xdjkfsxdjkfsxdjk-removebg-preview-e1759832589776-300x300.png\" class=\"attachment-medium size-medium wp-image-362\" alt=\"\" srcset=\"https:\/\/www.restaurantenmarge.com\/wp-content\/uploads\/2025\/10\/Gemini_Generated_Image_xdjkfsxdjkfsxdjk-removebg-preview-e1759832589776-300x300.png 300w, https:\/\/www.restaurantenmarge.com\/wp-content\/uploads\/2025\/10\/Gemini_Generated_Image_xdjkfsxdjkfsxdjk-removebg-preview-e1759832589776-100x100.png 100w, https:\/\/www.restaurantenmarge.com\/wp-content\/uploads\/2025\/10\/Gemini_Generated_Image_xdjkfsxdjkfsxdjk-removebg-preview-e1759832589776-150x150.png 150w, https:\/\/www.restaurantenmarge.com\/wp-content\/uploads\/2025\/10\/Gemini_Generated_Image_xdjkfsxdjkfsxdjk-removebg-preview-e1759832589776.png 391w\" sizes=\"(max-width: 300px) 100vw, 300px\" \/>\t\t\t\t\t\t\t\t\t\t\t\t\t\t\t<\/div>\n\t\t\t\t<div class=\"elementor-element elementor-element-01675eb elementor-widget elementor-widget-heading\" data-id=\"01675eb\" data-element_type=\"widget\" data-widget_type=\"heading.default\">\n\t\t\t\t\t<h3 class=\"elementor-heading-title elementor-size-default\">Book<\/h3>\t\t\t\t<\/div>\n\t\t\t\t<div class=\"elementor-element elementor-element-ab59e24 elementor-widget elementor-widget-heading\" data-id=\"ab59e24\" data-element_type=\"widget\" data-widget_type=\"heading.default\">\n\t\t\t\t\t<span class=\"elementor-heading-title elementor-size-default\">Add your title here<\/span>\t\t\t\t<\/div>\n\t\t\t\t<\/a>\n\t\t<a class=\"elementor-element elementor-element-eba4948 e-con-full e-flex e-con e-child\" data-id=\"eba4948\" data-element_type=\"container\" data-settings=\"{&quot;background_background&quot;:&quot;classic&quot;}\" href=\"https:\/\/www.restaurantenmarge.com\/en\/our-services\/\" target=\"_blank\">\n\t\t\t\t<div class=\"elementor-element elementor-element-45fe320 elementor-widget elementor-widget-image\" data-id=\"45fe320\" data-element_type=\"widget\" data-widget_type=\"image.default\">\n\t\t\t\t\t\t\t\t\t\t\t\t\t\t\t<img loading=\"lazy\" decoding=\"async\" width=\"300\" height=\"219\" src=\"https:\/\/www.restaurantenmarge.com\/wp-content\/uploads\/2025\/10\/Gemini_Generated_Image_jilem8jilem8jile-removebg-preview-300x219.png\" class=\"attachment-medium size-medium wp-image-361\" alt=\"\" \/>\t\t\t\t\t\t\t\t\t\t\t\t\t\t\t<\/div>\n\t\t\t\t<div class=\"elementor-element elementor-element-13e0037 elementor-widget elementor-widget-heading\" data-id=\"13e0037\" data-element_type=\"widget\" data-widget_type=\"heading.default\">\n\t\t\t\t\t<h3 class=\"elementor-heading-title elementor-size-default\">DISCOVER<\/h3>\t\t\t\t<\/div>\n\t\t\t\t<div class=\"elementor-element elementor-element-2b6b92f elementor-widget elementor-widget-heading\" data-id=\"2b6b92f\" data-element_type=\"widget\" data-widget_type=\"heading.default\">\n\t\t\t\t\t<span class=\"elementor-heading-title elementor-size-default\">our services<\/span>\t\t\t\t<\/div>\n\t\t\t\t<\/a>\n\t\t\t\t<\/div>\n\t\t\t\t<\/div>\n\t\t\t\t\t<\/div>\n\t\t\t\t<\/div>\n\t\t\t\t<\/div>","protected":false},"excerpt":{"rendered":"<p>Chambres &amp; Suites Un havre de paix &#8230; Isabelle et Frank Renimel ont con\u00e7u un lieu accueillant et authentique, relev\u00e9 d\u2019une touche de fantaisie. Les murs de briques et de galets de l\u2019ancienne ferme du XIX\u1d49 si\u00e8cle ont \u00e9t\u00e9 conserv\u00e9s, et c\u00f4toient des extensions aux lignes g\u00e9om\u00e9triques dans une belle harmonie. La d\u00e9coration est simple, [&hellip;]<\/p>","protected":false},"author":1,"featured_media":0,"parent":1662,"menu_order":0,"comment_status":"closed","ping_status":"closed","template":"elementor_header_footer","meta":{"_acf_changed":false,"footnotes":""},"class_list":["post-139","page","type-page","status-publish","hentry"],"acf":[],"_links":{"self":[{"href":"https:\/\/www.restaurantenmarge.com\/en\/wp-json\/wp\/v2\/pages\/139","targetHints":{"allow":["GET"]}}],"collection":[{"href":"https:\/\/www.restaurantenmarge.com\/en\/wp-json\/wp\/v2\/pages"}],"about":[{"href":"https:\/\/www.restaurantenmarge.com\/en\/wp-json\/wp\/v2\/types\/page"}],"author":[{"embeddable":true,"href":"https:\/\/www.restaurantenmarge.com\/en\/wp-json\/wp\/v2\/users\/1"}],"replies":[{"embeddable":true,"href":"https:\/\/www.restaurantenmarge.com\/en\/wp-json\/wp\/v2\/comments?post=139"}],"version-history":[{"count":56,"href":"https:\/\/www.restaurantenmarge.com\/en\/wp-json\/wp\/v2\/pages\/139\/revisions"}],"predecessor-version":[{"id":3346,"href":"https:\/\/www.restaurantenmarge.com\/en\/wp-json\/wp\/v2\/pages\/139\/revisions\/3346"}],"up":[{"embeddable":true,"href":"https:\/\/www.restaurantenmarge.com\/en\/wp-json\/wp\/v2\/pages\/1662"}],"wp:attachment":[{"href":"https:\/\/www.restaurantenmarge.com\/en\/wp-json\/wp\/v2\/media?parent=139"}],"curies":[{"name":"wp","href":"https:\/\/api.w.org\/{rel}","templated":true}]}}