{"id":131,"date":"2025-10-06T10:56:42","date_gmt":"2025-10-06T10:56:42","guid":{"rendered":"https:\/\/restaurant.dheerajbhosale.in\/wp\/?page_id=131"},"modified":"2026-04-16T10:02:54","modified_gmt":"2026-04-16T09:02:54","slug":"menus","status":"publish","type":"page","link":"https:\/\/www.restaurantenmarge.com\/en\/the-restaurant\/menus\/","title":{"rendered":"Menus"},"content":{"rendered":"<div data-elementor-type=\"wp-page\" data-elementor-id=\"131\" class=\"elementor elementor-131\" data-elementor-post-type=\"page\">\n\t\t\t\t<div class=\"elementor-element elementor-element-95b5d6b e-flex e-con-boxed e-con e-parent\" data-id=\"95b5d6b\" data-element_type=\"container\" data-settings=\"{&quot;background_background&quot;:&quot;classic&quot;}\">\n\t\t\t\t\t<div class=\"e-con-inner\">\n\t\t\t\t<div class=\"elementor-element elementor-element-6bf4372 elementor-widget__width-initial elementor-widget elementor-widget-heading\" data-id=\"6bf4372\" data-element_type=\"widget\" data-widget_type=\"heading.default\">\n\t\t\t\t\t<h1 class=\"elementor-heading-title elementor-size-default\">Menus<\/h1>\t\t\t\t<\/div>\n\t\t\t\t\t<\/div>\n\t\t\t\t<\/div>\n\t\t<div class=\"elementor-element elementor-element-a8c6fa5 e-flex e-con-boxed e-con e-parent\" data-id=\"a8c6fa5\" data-element_type=\"container\" data-settings=\"{&quot;background_background&quot;:&quot;classic&quot;}\">\n\t\t\t\t\t<div class=\"e-con-inner\">\n\t\t\t\t<div class=\"elementor-element elementor-element-1e25489 elementor-widget elementor-widget-heading\" data-id=\"1e25489\" data-element_type=\"widget\" data-widget_type=\"heading.default\">\n\t\t\t\t\t<h2 class=\"elementor-heading-title elementor-size-default\">Les Menus du Restaurant En Marge<\/h2>\t\t\t\t<\/div>\n\t\t\t\t<div class=\"elementor-element elementor-element-675847f elementor-widget elementor-widget-text-editor\" data-id=\"675847f\" data-element_type=\"widget\" data-widget_type=\"text-editor.default\">\n\t\t\t\t\t\t\t\t\t<p>Pour satisfaire toutes les envies gourmandes, plusieurs menus sont propos\u00e9s qui \u00e9voluent au fil des saisons.<\/p>\t\t\t\t\t\t\t\t<\/div>\n\t\t\t\t<div class=\"elementor-element elementor-element-bd8c5b4 elementor-widget-divider--view-line elementor-widget elementor-widget-divider\" data-id=\"bd8c5b4\" data-element_type=\"widget\" data-widget_type=\"divider.default\">\n\t\t\t\t\t\t\t<div class=\"elementor-divider\">\n\t\t\t<span class=\"elementor-divider-separator\">\n\t\t\t\t\t\t<\/span>\n\t\t<\/div>\n\t\t\t\t\t\t<\/div>\n\t\t\t\t\t<\/div>\n\t\t\t\t<\/div>\n\t\t<div class=\"elementor-element elementor-element-bcf886d e-flex e-con-boxed e-con e-parent\" data-id=\"bcf886d\" data-element_type=\"container\" data-settings=\"{&quot;background_background&quot;:&quot;classic&quot;}\">\n\t\t\t\t\t<div class=\"e-con-inner\">\n\t\t<div class=\"elementor-element elementor-element-49d8e4c e-con-full e-flex e-con e-child\" data-id=\"49d8e4c\" data-element_type=\"container\" data-settings=\"{&quot;background_background&quot;:&quot;classic&quot;}\">\n\t\t\t\t<\/div>\n\t\t<div class=\"elementor-element elementor-element-2baf8bb e-con-full e-flex e-con e-child\" data-id=\"2baf8bb\" data-element_type=\"container\">\n\t\t\t\t<div class=\"elementor-element elementor-element-90b0f4c elementor-widget elementor-widget-heading\" data-id=\"90b0f4c\" data-element_type=\"widget\" data-widget_type=\"heading.default\">\n\t\t\t\t\t<h3 class=\"elementor-heading-title elementor-size-default\">Menu Bouche \u00e0 Oreille<\/h3>\t\t\t\t<\/div>\n\t\t\t\t<div class=\"elementor-element elementor-element-676b4d3 elementor-widget-divider--view-line elementor-widget elementor-widget-divider\" data-id=\"676b4d3\" data-element_type=\"widget\" data-widget_type=\"divider.default\">\n\t\t\t\t\t\t\t<div class=\"elementor-divider\">\n\t\t\t<span class=\"elementor-divider-separator\">\n\t\t\t\t\t\t<\/span>\n\t\t<\/div>\n\t\t\t\t\t\t<\/div>\n\t\t\t\t<div class=\"elementor-element elementor-element-79e28fa elementor-widget elementor-widget-text-editor\" data-id=\"79e28fa\" data-element_type=\"widget\" data-widget_type=\"text-editor.default\">\n\t\t\t\t\t\t\t\t\t<p>Boeuf ,artichaut et main de bouddha&#8230;<\/p>\n<p>***<\/p>\n<p>Merlu,algues et pomme de terre&#8230;<\/p>\n<p>***<\/p>\n<p>chocolat et passion&#8230;<\/p>\n<p>***<\/p>\t\t\t\t\t\t\t\t<\/div>\n\t\t\t\t<div class=\"elementor-element elementor-element-d1bc1b6 elementor-widget-divider--view-line elementor-widget elementor-widget-divider\" data-id=\"d1bc1b6\" data-element_type=\"widget\" data-widget_type=\"divider.default\">\n\t\t\t\t\t\t\t<div class=\"elementor-divider\">\n\t\t\t<span class=\"elementor-divider-separator\">\n\t\t\t\t\t\t<\/span>\n\t\t<\/div>\n\t\t\t\t\t\t<\/div>\n\t\t\t\t<div class=\"elementor-element elementor-element-5cc6825 elementor-widget elementor-widget-heading\" data-id=\"5cc6825\" data-element_type=\"widget\" data-widget_type=\"heading.default\">\n\t\t\t\t\t<div class=\"elementor-heading-title elementor-size-default\">52\u20ac<\/div>\t\t\t\t<\/div>\n\t\t<div class=\"elementor-element elementor-element-078faaf e-con-full e-flex e-con e-child\" data-id=\"078faaf\" data-element_type=\"container\">\n\t\t\t\t<div class=\"elementor-element elementor-element-991afa2 elementor-widget elementor-widget-heading\" data-id=\"991afa2\" data-element_type=\"widget\" data-widget_type=\"heading.default\">\n\t\t\t\t\t<div class=\"elementor-heading-title elementor-size-default\">79\u20ac<\/div>\t\t\t\t<\/div>\n\t\t\t\t<div class=\"elementor-element elementor-element-6238207 elementor-widget elementor-widget-text-editor\" data-id=\"6238207\" data-element_type=\"widget\" data-widget_type=\"text-editor.default\">\n\t\t\t\t\t\t\t\t\t<p>avec 2 verres de Vin et Caf\u00e9<\/p>\t\t\t\t\t\t\t\t<\/div>\n\t\t\t\t<\/div>\n\t\t\t\t<div class=\"elementor-element elementor-element-93b6c72 elementor-widget elementor-widget-text-editor\" data-id=\"93b6c72\" data-element_type=\"widget\" data-widget_type=\"text-editor.default\">\n\t\t\t\t\t\t\t\t\t<p><em>Lunchtime menu only (Tuesday to Friday).<\/em><\/p><p><em>Dishes change every week according to the chef's market...<\/em><\/p>\t\t\t\t\t\t\t\t<\/div>\n\t\t\t\t<\/div>\n\t\t\t\t\t<\/div>\n\t\t\t\t<\/div>\n\t\t<div class=\"elementor-element elementor-element-32a5520 e-flex e-con-boxed e-con e-parent\" data-id=\"32a5520\" data-element_type=\"container\" data-settings=\"{&quot;background_background&quot;:&quot;classic&quot;}\">\n\t\t\t\t\t<div class=\"e-con-inner\">\n\t\t<div class=\"elementor-element elementor-element-6f2dc6c e-con-full e-flex e-con e-child\" data-id=\"6f2dc6c\" data-element_type=\"container\" data-settings=\"{&quot;background_background&quot;:&quot;classic&quot;}\">\n\t\t\t\t<\/div>\n\t\t<div class=\"elementor-element elementor-element-fe4e2b5 e-con-full e-flex e-con e-child\" data-id=\"fe4e2b5\" data-element_type=\"container\">\n\t\t\t\t<div class=\"elementor-element elementor-element-1ac75db elementor-widget elementor-widget-heading\" data-id=\"1ac75db\" data-element_type=\"widget\" data-widget_type=\"heading.default\">\n\t\t\t\t\t<h3 class=\"elementor-heading-title elementor-size-default\">Menu Inspirations<\/h3>\t\t\t\t<\/div>\n\t\t\t\t<div class=\"elementor-element elementor-element-ade0d69 elementor-widget-divider--view-line elementor-widget elementor-widget-divider\" data-id=\"ade0d69\" data-element_type=\"widget\" data-widget_type=\"divider.default\">\n\t\t\t\t\t\t\t<div class=\"elementor-divider\">\n\t\t\t<span class=\"elementor-divider-separator\">\n\t\t\t\t\t\t<\/span>\n\t\t<\/div>\n\t\t\t\t\t\t<\/div>\n\t\t\t\t<div class=\"elementor-element elementor-element-cefbee3 elementor-widget-divider--view-line elementor-widget elementor-widget-divider\" data-id=\"cefbee3\" data-element_type=\"widget\" data-widget_type=\"divider.default\">\n\t\t\t\t\t\t\t<div class=\"elementor-divider\">\n\t\t\t<span class=\"elementor-divider-separator\">\n\t\t\t\t\t\t<\/span>\n\t\t<\/div>\n\t\t\t\t\t\t<\/div>\n\t\t\t\t<div class=\"elementor-element elementor-element-7c3f7f9 elementor-widget elementor-widget-text-editor\" data-id=\"7c3f7f9\" data-element_type=\"widget\" data-widget_type=\"text-editor.default\">\n\t\t\t\t\t\t\t\t\t<p>An appetizer...<\/p><p>***<\/p><p>Entrance...<\/p><p>***<\/p><p>Flat...<\/p><p>***<\/p><p>Cheese...<\/p><p>***<\/p><p>Dessert...<\/p><p>***<\/p><p>Gourmet treats<\/p>\t\t\t\t\t\t\t\t<\/div>\n\t\t\t\t<div class=\"elementor-element elementor-element-2db3113 elementor-widget elementor-widget-heading\" data-id=\"2db3113\" data-element_type=\"widget\" data-widget_type=\"heading.default\">\n\t\t\t\t\t<div class=\"elementor-heading-title elementor-size-default\">92\u20ac<\/div>\t\t\t\t<\/div>\n\t\t\t\t<div class=\"elementor-element elementor-element-d858a16 elementor-widget elementor-widget-text-editor\" data-id=\"d858a16\" data-element_type=\"widget\" data-widget_type=\"text-editor.default\">\n\t\t\t\t\t\t\t\t\t<p><em>Served weekday dinner only and Saturday lunch only (excluding\u00a0<\/em><em>public holidays).<\/em><\/p><p><em>The dishes change every week according to<\/em><em>ion of the chef's market...<\/em><\/p>\t\t\t\t\t\t\t\t<\/div>\n\t\t\t\t<\/div>\n\t\t\t\t\t<\/div>\n\t\t\t\t<\/div>\n\t\t<div class=\"elementor-element elementor-element-8863cd6 e-flex e-con-boxed e-con e-parent\" data-id=\"8863cd6\" data-element_type=\"container\" data-settings=\"{&quot;background_background&quot;:&quot;classic&quot;}\">\n\t\t\t\t\t<div class=\"e-con-inner\">\n\t\t<div class=\"elementor-element elementor-element-795f702 e-con-full e-flex e-con e-child\" data-id=\"795f702\" data-element_type=\"container\" data-settings=\"{&quot;background_background&quot;:&quot;classic&quot;}\">\n\t\t\t\t<\/div>\n\t\t<div class=\"elementor-element elementor-element-6dc3e3c e-con-full e-flex e-con e-child\" data-id=\"6dc3e3c\" data-element_type=\"container\">\n\t\t\t\t<div class=\"elementor-element elementor-element-bc2c544 elementor-widget elementor-widget-heading\" data-id=\"bc2c544\" data-element_type=\"widget\" data-widget_type=\"heading.default\">\n\t\t\t\t\t<h3 class=\"elementor-heading-title elementor-size-default\">Menu Bijoux<\/h3>\t\t\t\t<\/div>\n\t\t\t\t<div class=\"elementor-element elementor-element-7f356f5 elementor-widget-divider--view-line elementor-widget elementor-widget-divider\" data-id=\"7f356f5\" data-element_type=\"widget\" data-widget_type=\"divider.default\">\n\t\t\t\t\t\t\t<div class=\"elementor-divider\">\n\t\t\t<span class=\"elementor-divider-separator\">\n\t\t\t\t\t\t<\/span>\n\t\t<\/div>\n\t\t\t\t\t\t<\/div>\n\t\t\t\t<div class=\"elementor-element elementor-element-6fd13f5 elementor-widget elementor-widget-text-editor\" data-id=\"6fd13f5\" data-element_type=\"widget\" data-widget_type=\"text-editor.default\">\n\t\t\t\t\t\t\t\t\t<p>An appetizer...<\/p><p>***<\/p><p>Cappuccino de Champignons<br \/>et Foie Gras (cr\u00e9ation 2003)&#8230;<\/p><p>***<\/p><p>Cassoulet En Marge...<\/p><p>***<\/p><p>Anneau du Vic-bilh, fenouil et orange sanguine&#8230;<\/p><p>***<\/p><p>Yaourt, mangue, passion et Violette&#8230;.<\/p><p>***<\/p><p>Gourmet treats<\/p>\t\t\t\t\t\t\t\t<\/div>\n\t\t\t\t<div class=\"elementor-element elementor-element-8461712 elementor-widget-divider--view-line elementor-widget elementor-widget-divider\" data-id=\"8461712\" data-element_type=\"widget\" data-widget_type=\"divider.default\">\n\t\t\t\t\t\t\t<div class=\"elementor-divider\">\n\t\t\t<span class=\"elementor-divider-separator\">\n\t\t\t\t\t\t<\/span>\n\t\t<\/div>\n\t\t\t\t\t\t<\/div>\n\t\t\t\t<div class=\"elementor-element elementor-element-28f61fd elementor-widget elementor-widget-heading\" data-id=\"28f61fd\" data-element_type=\"widget\" data-widget_type=\"heading.default\">\n\t\t\t\t\t<div class=\"elementor-heading-title elementor-size-default\">122\u20ac<\/div>\t\t\t\t<\/div>\n\t\t\t\t<div class=\"elementor-element elementor-element-794da15 elementor-widget elementor-widget-text-editor\" data-id=\"794da15\" data-element_type=\"widget\" data-widget_type=\"text-editor.default\">\n\t\t\t\t\t\t\t\t\t<p>Menu served for lunch and dinner...<\/p>\t\t\t\t\t\t\t\t<\/div>\n\t\t\t\t<\/div>\n\t\t\t\t\t<\/div>\n\t\t\t\t<\/div>\n\t\t<div class=\"elementor-element elementor-element-45c3b92 e-flex e-con-boxed e-con e-parent\" data-id=\"45c3b92\" data-element_type=\"container\" data-settings=\"{&quot;background_background&quot;:&quot;classic&quot;}\">\n\t\t\t\t\t<div class=\"e-con-inner\">\n\t\t<div class=\"elementor-element elementor-element-bc9888a e-con-full e-flex e-con e-child\" data-id=\"bc9888a\" data-element_type=\"container\" data-settings=\"{&quot;background_background&quot;:&quot;classic&quot;}\">\n\t\t\t\t<\/div>\n\t\t<div class=\"elementor-element elementor-element-6ed50b8 e-con-full e-flex e-con e-child\" data-id=\"6ed50b8\" data-element_type=\"container\">\n\t\t\t\t<div class=\"elementor-element elementor-element-8b89a9e elementor-widget elementor-widget-heading\" data-id=\"8b89a9e\" data-element_type=\"widget\" data-widget_type=\"heading.default\">\n\t\t\t\t\t<h3 class=\"elementor-heading-title elementor-size-default\">Menu du Chef<\/h3>\t\t\t\t<\/div>\n\t\t\t\t<div class=\"elementor-element elementor-element-64c8150 elementor-widget-divider--view-line elementor-widget elementor-widget-divider\" data-id=\"64c8150\" data-element_type=\"widget\" data-widget_type=\"divider.default\">\n\t\t\t\t\t\t\t<div class=\"elementor-divider\">\n\t\t\t<span class=\"elementor-divider-separator\">\n\t\t\t\t\t\t<\/span>\n\t\t<\/div>\n\t\t\t\t\t\t<\/div>\n\t\t\t\t<div class=\"elementor-element elementor-element-89ae6cc elementor-widget elementor-widget-text-editor\" data-id=\"89ae6cc\" data-element_type=\"widget\" data-widget_type=\"text-editor.default\">\n\t\t\t\t\t\t\t\t\t<p>An appetizer...<\/p><p>***<\/p><p>Morille et foie-gras&#8230;<\/p><p>***<\/p><p>Artichaut toulousain et Saint-Jacques&#8230;<\/p><p>***<\/p><p>Pigeon, betterave et Truffe&#8230;<\/p><p>***<\/p><p>Anneau du Vic-bilh, fenouil et orange sanguine&#8230;<\/p><p>***<\/p><p>Poire et r\u00e9glisse &#8230;<\/p><p>or<\/p><p>Panais et coco &#8230;<\/p><p>***<\/p><p>Gourmet treats<\/p>\t\t\t\t\t\t\t\t<\/div>\n\t\t\t\t<div class=\"elementor-element elementor-element-4304f75 elementor-widget-divider--view-line elementor-widget elementor-widget-divider\" data-id=\"4304f75\" data-element_type=\"widget\" data-widget_type=\"divider.default\">\n\t\t\t\t\t\t\t<div class=\"elementor-divider\">\n\t\t\t<span class=\"elementor-divider-separator\">\n\t\t\t\t\t\t<\/span>\n\t\t<\/div>\n\t\t\t\t\t\t<\/div>\n\t\t\t\t<div class=\"elementor-element elementor-element-5068644 elementor-widget elementor-widget-heading\" data-id=\"5068644\" data-element_type=\"widget\" data-widget_type=\"heading.default\">\n\t\t\t\t\t<div class=\"elementor-heading-title elementor-size-default\">158\u20ac<\/div>\t\t\t\t<\/div>\n\t\t\t\t<div class=\"elementor-element elementor-element-20f9589 elementor-widget elementor-widget-text-editor\" data-id=\"20f9589\" data-element_type=\"widget\" data-widget_type=\"text-editor.default\">\n\t\t\t\t\t\t\t\t\t<p>Lunch and dinner menu<\/p>\t\t\t\t\t\t\t\t<\/div>\n\t\t\t\t<\/div>\n\t\t\t\t\t<\/div>\n\t\t\t\t<\/div>\n\t\t<div class=\"elementor-element elementor-element-2ffaf1a e-flex e-con-boxed e-con e-parent\" data-id=\"2ffaf1a\" data-element_type=\"container\" data-settings=\"{&quot;background_background&quot;:&quot;classic&quot;}\">\n\t\t\t\t\t<div class=\"e-con-inner\">\n\t\t\t\t<div class=\"elementor-element elementor-element-38dc4e5 elementor-widget elementor-widget-heading\" data-id=\"38dc4e5\" data-element_type=\"widget\" data-widget_type=\"heading.default\">\n\t\t\t\t\t<h2 class=\"elementor-heading-title elementor-size-default\">R\u00e9servez votre table<\/h2>\t\t\t\t<\/div>\n\t\t\t\t<div class=\"elementor-element elementor-element-06e3ff5 elementor-widget elementor-widget-text-editor\" data-id=\"06e3ff5\" data-element_type=\"widget\" data-widget_type=\"text-editor.default\">\n\t\t\t\t\t\t\t\t\t<p>Vivez une exp\u00e9rience gastronomique inoubliable dans notre restaurant \u00e9toil\u00e9<\/p>\t\t\t\t\t\t\t\t<\/div>\n\t\t\t\t<div class=\"elementor-element elementor-element-634fe02 elementor-align-center elementor-tablet-align-left elementor-widget elementor-widget-button\" data-id=\"634fe02\" data-element_type=\"widget\" data-widget_type=\"button.default\">\n\t\t\t\t\t\t\t\t\t\t<a class=\"elementor-button elementor-button-link elementor-size-sm\" href=\"https:\/\/widget.thefork.com\/fr\/2dadde64-a675-4dc1-98fb-1f99ca87df0b\">\n\t\t\t\t\t\t<span class=\"elementor-button-content-wrapper\">\n\t\t\t\t\t\t\t\t\t<span class=\"elementor-button-text\">R\u00e9servez votre table<\/span>\n\t\t\t\t\t<\/span>\n\t\t\t\t\t<\/a>\n\t\t\t\t\t\t\t\t<\/div>\n\t\t\t\t\t<\/div>\n\t\t\t\t<\/div>\n\t\t\t\t<\/div>","protected":false},"excerpt":{"rendered":"<p>Menus Les Menus du Restaurant En Marge Pour satisfaire toutes les envies gourmandes, plusieurs menus sont propos\u00e9s qui \u00e9voluent au fil des saisons. Menu Bouche \u00e0 Oreille Boeuf ,artichaut et main de bouddha&#8230; *** Merlu,algues et pomme de terre&#8230; *** chocolat et passion&#8230; *** 52\u20ac 79\u20ac avec 2 verres de Vin et Caf\u00e9 Formule servie [&hellip;]<\/p>","protected":false},"author":1,"featured_media":0,"parent":11,"menu_order":0,"comment_status":"closed","ping_status":"closed","template":"elementor_header_footer","meta":{"_acf_changed":false,"footnotes":""},"class_list":["post-131","page","type-page","status-publish","hentry"],"acf":[],"_links":{"self":[{"href":"https:\/\/www.restaurantenmarge.com\/en\/wp-json\/wp\/v2\/pages\/131","targetHints":{"allow":["GET"]}}],"collection":[{"href":"https:\/\/www.restaurantenmarge.com\/en\/wp-json\/wp\/v2\/pages"}],"about":[{"href":"https:\/\/www.restaurantenmarge.com\/en\/wp-json\/wp\/v2\/types\/page"}],"author":[{"embeddable":true,"href":"https:\/\/www.restaurantenmarge.com\/en\/wp-json\/wp\/v2\/users\/1"}],"replies":[{"embeddable":true,"href":"https:\/\/www.restaurantenmarge.com\/en\/wp-json\/wp\/v2\/comments?post=131"}],"version-history":[{"count":102,"href":"https:\/\/www.restaurantenmarge.com\/en\/wp-json\/wp\/v2\/pages\/131\/revisions"}],"predecessor-version":[{"id":3770,"href":"https:\/\/www.restaurantenmarge.com\/en\/wp-json\/wp\/v2\/pages\/131\/revisions\/3770"}],"up":[{"embeddable":true,"href":"https:\/\/www.restaurantenmarge.com\/en\/wp-json\/wp\/v2\/pages\/11"}],"wp:attachment":[{"href":"https:\/\/www.restaurantenmarge.com\/en\/wp-json\/wp\/v2\/media?parent=131"}],"curies":[{"name":"wp","href":"https:\/\/api.w.org\/{rel}","templated":true}]}}